{"id":29091,"date":"2018-06-11T11:26:51","date_gmt":"2018-06-11T08:26:51","guid":{"rendered":"http:\/\/www.privatecase.fi\/terms-of-delivery\/"},"modified":"2024-09-02T17:41:35","modified_gmt":"2024-09-02T14:41:35","slug":"terms-of-delivery","status":"publish","type":"page","link":"https:\/\/www.privatecase.fi\/en\/terms-of-delivery\/","title":{"rendered":"Terms of delivery"},"content":{"rendered":"<p>[et_pb_section fb_built=&#8221;1&#8243; custom_padding_last_edited=&#8221;on|desktop&#8221; admin_label=&#8221;section&#8221; _builder_version=&#8221;4.16&#8243; custom_padding_tablet=&#8221;50px|0|50px|0&#8243; custom_padding_phone=&#8221;&#8221; transparent_background=&#8221;off&#8221; padding_mobile=&#8221;off&#8221; global_colors_info=&#8221;{}&#8221;][et_pb_row column_structure=&#8221;3_4,1_4&#8243; padding_mobile=&#8221;off&#8221; column_padding_mobile=&#8221;on&#8221; admin_label=&#8221;row&#8221; _builder_version=&#8221;4.16&#8243; background_size=&#8221;initial&#8221; background_position=&#8221;top_left&#8221; background_repeat=&#8221;repeat&#8221; global_colors_info=&#8221;{}&#8221;][et_pb_column type=&#8221;3_4&#8243; _builder_version=&#8221;4.16&#8243; custom_padding=&#8221;|||&#8221; global_colors_info=&#8221;{}&#8221; custom_padding__hover=&#8221;|||&#8221;][et_pb_text admin_label=&#8221;Toimitusehdot&#8221; _builder_version=&#8221;4.16&#8243; background_size=&#8221;initial&#8221; background_position=&#8221;top_left&#8221; background_repeat=&#8221;repeat&#8221; hover_enabled=&#8221;0&#8243; border_style=&#8221;solid&#8221; global_colors_info=&#8221;{}&#8221; sticky_enabled=&#8221;0&#8243;]<\/p>\n<h3>Terms of delivery<\/h3>\n<p>Valid as of 1 July 2016.<\/p>\n<p>[\/et_pb_text][\/et_pb_column][et_pb_column type=&#8221;1_4&#8243; _builder_version=&#8221;4.16&#8243; custom_padding=&#8221;|||&#8221; global_colors_info=&#8221;{}&#8221; custom_padding__hover=&#8221;|||&#8221;][\/et_pb_column][\/et_pb_row][et_pb_row column_structure=&#8221;3_4,1_4&#8243; padding_mobile=&#8221;off&#8221; column_padding_mobile=&#8221;on&#8221; admin_label=&#8221;row&#8221; _builder_version=&#8221;4.16&#8243; background_size=&#8221;initial&#8221; background_position=&#8221;top_left&#8221; background_repeat=&#8221;repeat&#8221; global_colors_info=&#8221;{}&#8221;][et_pb_column type=&#8221;3_4&#8243; _builder_version=&#8221;4.16&#8243; custom_padding=&#8221;|||&#8221; global_colors_info=&#8221;{}&#8221; custom_padding__hover=&#8221;|||&#8221;][et_pb_text admin_label=&#8221;Toimitusehdot&#8221; _builder_version=&#8221;4.16&#8243; background_size=&#8221;initial&#8221; background_position=&#8221;top_left&#8221; background_repeat=&#8221;repeat&#8221; hover_enabled=&#8221;0&#8243; border_style=&#8221;solid&#8221; global_colors_info=&#8221;{}&#8221; sticky_enabled=&#8221;0&#8243;]<\/p>\n<h4>General information<\/h4>\n<p>The products in the web shop are sold by Private Case Oy, Business ID 2926847-3 The products are available for purchase by customers over 18 years of age in Finland and within the EU, Asia and North America. Prices include VAT. Private Case reserves the right to make changes to prices and delivery costs.<\/p>\n<p>[\/et_pb_text][\/et_pb_column][et_pb_column type=&#8221;1_4&#8243; _builder_version=&#8221;4.16&#8243; custom_padding=&#8221;|||&#8221; global_colors_info=&#8221;{}&#8221; custom_padding__hover=&#8221;|||&#8221;][\/et_pb_column][\/et_pb_row][et_pb_row column_structure=&#8221;3_4,1_4&#8243; padding_mobile=&#8221;off&#8221; column_padding_mobile=&#8221;on&#8221; admin_label=&#8221;row&#8221; _builder_version=&#8221;4.16&#8243; background_size=&#8221;initial&#8221; background_position=&#8221;top_left&#8221; background_repeat=&#8221;repeat&#8221; global_colors_info=&#8221;{}&#8221;][et_pb_column type=&#8221;3_4&#8243; _builder_version=&#8221;4.16&#8243; custom_padding=&#8221;|||&#8221; global_colors_info=&#8221;{}&#8221; custom_padding__hover=&#8221;|||&#8221;][et_pb_text admin_label=&#8221;Toimitusehdot&#8221; _builder_version=&#8221;4.16&#8243; background_size=&#8221;initial&#8221; background_position=&#8221;top_left&#8221; background_repeat=&#8221;repeat&#8221; border_style=&#8221;solid&#8221; global_colors_info=&#8221;{}&#8221;]<\/p>\n<h4>Ordering products and order confirmation<\/h4>\n<p>Products are primarily ordered online from www.privatecase.fi by using the shopping cart facility.<\/p>\n<p>All orders are confirmed via an email message that includes the order total, the delivery costs, and a list of the items ordered. In order to receive an order confirmation, you have to enter your email address when placing the order.<\/p>\n<p>By ordering products from our web shop you indicate that you accept our Terms of delivery.<\/p>\n<p>[\/et_pb_text][\/et_pb_column][et_pb_column type=&#8221;1_4&#8243; _builder_version=&#8221;4.16&#8243; custom_padding=&#8221;|||&#8221; global_colors_info=&#8221;{}&#8221; custom_padding__hover=&#8221;|||&#8221;][\/et_pb_column][\/et_pb_row][et_pb_row column_structure=&#8221;3_4,1_4&#8243; padding_mobile=&#8221;off&#8221; column_padding_mobile=&#8221;on&#8221; admin_label=&#8221;row&#8221; _builder_version=&#8221;4.16&#8243; background_size=&#8221;initial&#8221; background_position=&#8221;top_left&#8221; background_repeat=&#8221;repeat&#8221; global_colors_info=&#8221;{}&#8221;][et_pb_column type=&#8221;3_4&#8243; _builder_version=&#8221;4.16&#8243; custom_padding=&#8221;|||&#8221; global_colors_info=&#8221;{}&#8221; custom_padding__hover=&#8221;|||&#8221;][et_pb_text admin_label=&#8221;Toimitusehdot&#8221; _builder_version=&#8221;4.16&#8243; background_size=&#8221;initial&#8221; background_position=&#8221;top_left&#8221; background_repeat=&#8221;repeat&#8221; border_style=&#8221;solid&#8221; global_colors_info=&#8221;{}&#8221;]<\/p>\n<h4>Payment methods<\/h4>\n<p>The payment for products and related delivery costs is made when placing the order. The following methods of payment are accepted: Nordea, OP Bank, Danske Bank, LocalTapiola Bank, S-Bank, Aktia, Nooa, Paikallisosuuspankit (local co-operative banks), S\u00e4\u00e4st\u00f6pankit (Savings banks), Handelsbanken, \u00c5landsbanken, and payment cards. Payments are processed via Paytrail Oyj.<\/p>\n<p>\u2014\u2014\u2014\u2014\u2014\u2014\u2013<\/p>\n<h5>Payment service provider<\/h5>\n<p>Paytrail Oyj (2122839-7) acts as an implementer of the payment handling service and as a Payment Service Provider in cooperation with Finnish banks and credit institutions. Paytrail Oyj will be shown as the recipient in the invoice and Paytrail Oyj will forward the payment to the merchant. Paytrail Oyj is an authorized Payment Institution. For reclamations, please contact the website where the payment was made.<\/p>\n<p>Paytrail Oyj, business ID: 2122839-7<br \/>Innova 2<br \/>Lutakonaukio 7<br \/>FI-40100 Jyv\u00e4skyl\u00e4<br \/>Telephone: +358 207 181830<\/p>\n<p>www.paytrail.com<\/p>\n<p>&nbsp;<\/p>\n<h5>Netbanks<\/h5>\n<p>Paytrail Oyj (2122839-7) provides netbank related payment transfer services in co-operation with Finnish banks and credit institutions. For consumers, the service works in exactly the same way as with traditional web payments.<\/p>\n<p>[\/et_pb_text][\/et_pb_column][et_pb_column type=&#8221;1_4&#8243; _builder_version=&#8221;4.16&#8243; custom_padding=&#8221;|||&#8221; global_colors_info=&#8221;{}&#8221; custom_padding__hover=&#8221;|||&#8221;][\/et_pb_column][\/et_pb_row][et_pb_row column_structure=&#8221;3_4,1_4&#8243; padding_mobile=&#8221;off&#8221; column_padding_mobile=&#8221;on&#8221; admin_label=&#8221;row&#8221; _builder_version=&#8221;4.16&#8243; background_size=&#8221;initial&#8221; background_position=&#8221;top_left&#8221; background_repeat=&#8221;repeat&#8221; global_colors_info=&#8221;{}&#8221;][et_pb_column type=&#8221;3_4&#8243; _builder_version=&#8221;4.16&#8243; custom_padding=&#8221;|||&#8221; global_colors_info=&#8221;{}&#8221; custom_padding__hover=&#8221;|||&#8221;][et_pb_text admin_label=&#8221;Toimitusehdot&#8221; _builder_version=&#8221;4.19.4&#8243; background_size=&#8221;initial&#8221; background_position=&#8221;top_left&#8221; background_repeat=&#8221;repeat&#8221; hover_enabled=&#8221;0&#8243; border_style=&#8221;solid&#8221; global_colors_info=&#8221;{}&#8221; sticky_enabled=&#8221;0&#8243;]<\/p>\n<h4>Delivery time<\/h4>\n<p>Delivery time is about 1\u20132 weeks from your order.<\/p>\n<p>&nbsp;<\/p>\n<h4>Delivery method and costs<\/h4>\n<p>Transport and packaging charges are included in the delivery costs. Costs vary depending on the size of the order. You can check the delivery costs after selecting the payment method and delivery method for your purchase. Orders to EU countries, Asia and North America are shipped via DHL GoGreen air freight.<\/p>\n<p>Optionally, you can collect your purchased items without delivery costs directly from Kohmankaari 3, 33310 Tampere.<\/p>\n<p>[\/et_pb_text][\/et_pb_column][et_pb_column type=&#8221;1_4&#8243; _builder_version=&#8221;4.16&#8243; custom_padding=&#8221;|||&#8221; global_colors_info=&#8221;{}&#8221; custom_padding__hover=&#8221;|||&#8221;][\/et_pb_column][\/et_pb_row][et_pb_row column_structure=&#8221;3_4,1_4&#8243; padding_mobile=&#8221;off&#8221; column_padding_mobile=&#8221;on&#8221; admin_label=&#8221;row&#8221; _builder_version=&#8221;4.16&#8243; background_size=&#8221;initial&#8221; background_position=&#8221;top_left&#8221; background_repeat=&#8221;repeat&#8221; global_colors_info=&#8221;{}&#8221;][et_pb_column type=&#8221;3_4&#8243; _builder_version=&#8221;4.16&#8243; custom_padding=&#8221;|||&#8221; global_colors_info=&#8221;{}&#8221; custom_padding__hover=&#8221;|||&#8221;][et_pb_text admin_label=&#8221;Toimitusehdot&#8221; _builder_version=&#8221;4.16&#8243; background_size=&#8221;initial&#8221; background_position=&#8221;top_left&#8221; background_repeat=&#8221;repeat&#8221; hover_enabled=&#8221;0&#8243; border_style=&#8221;solid&#8221; global_colors_info=&#8221;{}&#8221; sticky_enabled=&#8221;0&#8243;]<\/p>\n<h4>Return and exchange policy<\/h4>\n<p>In accordance with the Finnish Consumer Protection Act, you have the right to exchange and\/or return an item within 14 days of receiving your order. The right of return applies only to items that are new, unused, and in their original packaging. Delivery costs for returned items are covered by the customer.<\/p>\n<p>Include the following information when returning products:<\/p>\n<p>your customer number, name, address, email address and telephone number,<br \/>and a copy of Private Case Oy\u2019s order confirmation or delivery note.<\/p>\n<p>Address for returns:<\/p>\n<p>Private Case Oy<br \/>Kohmankaari 3<br \/>33310 Tampere<\/p>\n<p>We will not accept returns after 14 business days.<\/p>\n<p>Return delivery costs are paid by the customer. The return delivery cost is deducted from the refund.<\/p>\n<p class=\"p1\"><span class=\"s1\">Refunds or shipments of exchanged products are made within 14 days of receipt of the returned products. After receipt and processing of the returned products, a refund will be made to the original payment method via Paytrail.<\/span><\/p>\n<p>[\/et_pb_text][\/et_pb_column][et_pb_column type=&#8221;1_4&#8243; _builder_version=&#8221;4.16&#8243; custom_padding=&#8221;|||&#8221; global_colors_info=&#8221;{}&#8221; custom_padding__hover=&#8221;|||&#8221;][\/et_pb_column][\/et_pb_row][et_pb_row column_structure=&#8221;3_4,1_4&#8243; padding_mobile=&#8221;off&#8221; column_padding_mobile=&#8221;on&#8221; admin_label=&#8221;row&#8221; _builder_version=&#8221;4.16&#8243; background_size=&#8221;initial&#8221; background_position=&#8221;top_left&#8221; background_repeat=&#8221;repeat&#8221; global_colors_info=&#8221;{}&#8221;][et_pb_column type=&#8221;3_4&#8243; _builder_version=&#8221;4.16&#8243; custom_padding=&#8221;|||&#8221; global_colors_info=&#8221;{}&#8221; custom_padding__hover=&#8221;|||&#8221;][et_pb_text admin_label=&#8221;Toimitusehdot&#8221; _builder_version=&#8221;4.16&#8243; background_size=&#8221;initial&#8221; background_position=&#8221;top_left&#8221; background_repeat=&#8221;repeat&#8221; border_style=&#8221;solid&#8221; global_colors_info=&#8221;{}&#8221;]<\/p>\n<h4>Delivery problems and faulty products<\/h4>\n<p>If the delivered order is missing products or contains incorrect or damaged products, contact us immediately by sending an email to info@privatecase.fi, or by mail to:<\/p>\n<p>Private Case Oy<br \/>Kohmankaari 3<br \/>33310 Tampere<\/p>\n<p>Notifications of shipment errors or defective products must be made within 14 business days of receiving your order. If the package was damaged during shipment, a complaint must also be made to the shipping company.<\/p>\n<p>[\/et_pb_text][\/et_pb_column][et_pb_column type=&#8221;1_4&#8243; _builder_version=&#8221;4.16&#8243; custom_padding=&#8221;|||&#8221; global_colors_info=&#8221;{}&#8221; custom_padding__hover=&#8221;|||&#8221;][\/et_pb_column][\/et_pb_row][et_pb_row column_structure=&#8221;3_4,1_4&#8243; padding_mobile=&#8221;off&#8221; column_padding_mobile=&#8221;on&#8221; admin_label=&#8221;row&#8221; _builder_version=&#8221;4.16&#8243; background_size=&#8221;initial&#8221; background_position=&#8221;top_left&#8221; background_repeat=&#8221;repeat&#8221; global_colors_info=&#8221;{}&#8221;][et_pb_column type=&#8221;3_4&#8243; _builder_version=&#8221;4.16&#8243; custom_padding=&#8221;|||&#8221; global_colors_info=&#8221;{}&#8221; custom_padding__hover=&#8221;|||&#8221;][et_pb_text admin_label=&#8221;Toimitusehdot&#8221; _builder_version=&#8221;4.16&#8243; background_size=&#8221;initial&#8221; background_position=&#8221;top_left&#8221; background_repeat=&#8221;repeat&#8221; border_style=&#8221;solid&#8221; global_colors_info=&#8221;{}&#8221;]<\/p>\n<h4>Other<\/h4>\n<p>We reserve the right to change our terms and conditions. Before placing an order, ensure that you have read and understood our terms and conditions.<\/p>\n<p>Private Case Oy handles all customer information confidentially. For more information, read our <a href=\"http:\/\/www.privatecase.fi\/rekisteriseloste\/\">Privacy Policy<\/a>.<\/p>\n<p>[\/et_pb_text][\/et_pb_column][et_pb_column type=&#8221;1_4&#8243; _builder_version=&#8221;4.16&#8243; custom_padding=&#8221;|||&#8221; global_colors_info=&#8221;{}&#8221; custom_padding__hover=&#8221;|||&#8221;][\/et_pb_column][\/et_pb_row][\/et_pb_section]<\/p>\n","protected":false},"excerpt":{"rendered":"<p>Terms of delivery Valid as of 1 July 2016. General information The products in the web shop are sold by Private Case Oy, Business ID 2926847-3 The products are available for purchase by customers over 18 years of age in Finland and within the EU, Asia and North America. Prices include VAT. Private Case reserves [&hellip;]<\/p>\n","protected":false},"author":2,"featured_media":0,"parent":0,"menu_order":0,"comment_status":"closed","ping_status":"closed","template":"","meta":{"_et_pb_use_builder":"on","_et_pb_old_content":"","_et_gb_content_width":"","_exactmetrics_skip_tracking":false,"_exactmetrics_sitenote_active":false,"_exactmetrics_sitenote_note":"","_exactmetrics_sitenote_category":0,"footnotes":""},"class_list":["post-29091","page","type-page","status-publish","hentry"],"_links":{"self":[{"href":"https:\/\/www.privatecase.fi\/en\/wp-json\/wp\/v2\/pages\/29091","targetHints":{"allow":["GET"]}}],"collection":[{"href":"https:\/\/www.privatecase.fi\/en\/wp-json\/wp\/v2\/pages"}],"about":[{"href":"https:\/\/www.privatecase.fi\/en\/wp-json\/wp\/v2\/types\/page"}],"author":[{"embeddable":true,"href":"https:\/\/www.privatecase.fi\/en\/wp-json\/wp\/v2\/users\/2"}],"replies":[{"embeddable":true,"href":"https:\/\/www.privatecase.fi\/en\/wp-json\/wp\/v2\/comments?post=29091"}],"version-history":[{"count":3,"href":"https:\/\/www.privatecase.fi\/en\/wp-json\/wp\/v2\/pages\/29091\/revisions"}],"predecessor-version":[{"id":43521,"href":"https:\/\/www.privatecase.fi\/en\/wp-json\/wp\/v2\/pages\/29091\/revisions\/43521"}],"wp:attachment":[{"href":"https:\/\/www.privatecase.fi\/en\/wp-json\/wp\/v2\/media?parent=29091"}],"curies":[{"name":"wp","href":"https:\/\/api.w.org\/{rel}","templated":true}]}}