{"id":42815,"date":"2023-01-05T16:53:15","date_gmt":"2023-01-05T14:53:15","guid":{"rendered":"https:\/\/www.privatecase.fi\/%e3%82%b7%e3%83%a7%e3%83%83%e3%83%97\/"},"modified":"2023-01-05T16:53:16","modified_gmt":"2023-01-05T14:53:16","slug":"%e3%82%b7%e3%83%a7%e3%83%83%e3%83%97","status":"publish","type":"page","link":"https:\/\/www.privatecase.fi\/ja\/%e3%82%b7%e3%83%a7%e3%83%83%e3%83%97\/","title":{"rendered":"\u30b7\u30e7\u30c3\u30d7"},"content":{"rendered":"<p>[et_pb_section fb_built=&#8221;1&#8243; _builder_version=&#8221;4.9.11&#8243; _module_preset=&#8221;default&#8221; custom_margin=&#8221;||0px||false|false&#8221; custom_padding=&#8221;0px||0px|||&#8221; custom_css_main_element=&#8221;margin-bottom:-50px !important;&#8221; global_module=&#8221;37513&#8243; global_colors_info=&#8221;{}&#8221;][et_pb_row _builder_version=&#8221;4.9.11&#8243; _module_preset=&#8221;default&#8221; min_height=&#8221;21.6px&#8221; custom_margin=&#8221;|auto|0px|auto|false|false&#8221; custom_padding=&#8221;||0px||false|false&#8221; custom_css_before=&#8221;content: %22%92e074%22;||font-family: ETmodules !important;||position:absolute;||left:0;||top:27px;||z-index:1;&#8221; custom_css_main_element=&#8221;position:relative;||padding-left: 30px;&#8221; global_colors_info=&#8221;{}&#8221;][et_pb_column type=&#8221;4_4&#8243; _builder_version=&#8221;4.9.11&#8243; _module_preset=&#8221;default&#8221; global_colors_info=&#8221;{}&#8221;][lwp_divi_breadcrumbs home_text=&#8221;Private Case&#8221; font_icon=&#8221;%%20%%&#8221; link_color=&#8221;#8e8e8e&#8221; separator_color=&#8221;#8e8e8e&#8221; current_text_color=&#8221;#000000&#8243; _builder_version=&#8221;4.9.11&#8243; _module_preset=&#8221;default&#8221; module_font=&#8221;|||on|||||&#8221; module_font_size=&#8221;12px&#8221; background_color=&#8221;RGBA(0,0,0,0)&#8221; custom_margin=&#8221;||0px||false|false&#8221; custom_padding=&#8221;||0px||false|false&#8221; global_colors_info=&#8221;{}&#8221;][\/lwp_divi_breadcrumbs][\/et_pb_column][\/et_pb_row][\/et_pb_section][et_pb_section fb_built=&#8221;1&#8243; _builder_version=&#8221;4.9.11&#8243; _module_preset=&#8221;default&#8221; custom_margin=&#8221;||0px||false|false&#8221; global_colors_info=&#8221;{}&#8221;][et_pb_row column_structure=&#8221;3_5,2_5&#8243; _builder_version=&#8221;4.9.11&#8243; _module_preset=&#8221;default&#8221; custom_margin=&#8221;||0px||false|false&#8221; custom_padding=&#8221;||0px||false|false&#8221; global_colors_info=&#8221;{}&#8221;][et_pb_column type=&#8221;3_5&#8243; _builder_version=&#8221;4.9.11&#8243; _module_preset=&#8221;default&#8221; global_colors_info=&#8221;{}&#8221;][et_pb_image src=&#8221;https:\/\/www.privatecase.fi\/wp-content\/uploads\/tuotteet-1.jpg&#8221; title_text=&#8221;tuotteet&#8221; _builder_version=&#8221;4.10.4&#8243; _module_preset=&#8221;default&#8221; animation=&#8221;off&#8221; global_colors_info=&#8221;{}&#8221;][\/et_pb_image][\/et_pb_column][et_pb_column type=&#8221;2_5&#8243; _builder_version=&#8221;4.9.11&#8243; _module_preset=&#8221;default&#8221; global_colors_info=&#8221;{}&#8221;][et_pb_text _builder_version=&#8221;4.10.4&#8243; _module_preset=&#8221;default&#8221; text_font_size=&#8221;18px&#8221; global_colors_info=&#8221;{}&#8221;]<\/p>\n<h1>Kest\u00e4v\u00e4\u00e4 luovuutta ja arjen harmoniaa Suomesta<\/h1>\n<p>Uusiomateriaaleista valmistetut tuotteet luovaan tekemiseen ja arjen organisointiin. Suunnittelemme ja toteutamme kaikki tuotteet Suomessa paikallisella ty\u00f6voimalla.<\/p>\n<p>[\/et_pb_text][\/et_pb_column][\/et_pb_row][\/et_pb_section][et_pb_section fb_built=&#8221;1&#8243; _builder_version=&#8221;4.9.11&#8243; _module_preset=&#8221;default&#8221; global_colors_info=&#8221;{}&#8221;][et_pb_row _builder_version=&#8221;4.9.11&#8243; _module_preset=&#8221;default&#8221; global_colors_info=&#8221;{}&#8221;][et_pb_column type=&#8221;4_4&#8243; _builder_version=&#8221;4.9.11&#8243; _module_preset=&#8221;default&#8221; global_colors_info=&#8221;{}&#8221;][et_pb_code admin_label=&#8221;Code&#8221; _builder_version=&#8221;4.9.11&#8243; _module_preset=&#8221;default&#8221; global_colors_info=&#8221;{}&#8221;]<style type=\"text\/css\" id=\"wpfCustomCss-1_369124\">#wpfMainWrapper-1_369124{position:relative;width:100%;}#wpfMainWrapper-1_369124 .wpfFilterWrapper {visibility:hidden;width:100%;}#wpfMainWrapper-1_369124 .wpfLoaderLayout {position:absolute;top:0;bottom:0;left:0;right:0;background-color: rgba(255, 255, 255, 0.9);z-index: 999;}#wpfMainWrapper-1_369124 .wpfLoaderLayout i {position:absolute;z-index:9;top:50%;left:50%;margin-top:-30px;margin-left:-30px;color:rgba(0,0,0,.9);}<\/style><div class=\"wpfMainWrapper\" id=\"wpfMainWrapper-1_369124\" data-viewid=\"1_369124\" data-filter=\"1\" data-settings=\"{&quot;posts_per_page&quot;:16,&quot;posts_per_row&quot;:&quot;&quot;,&quot;paged&quot;:1,&quot;base&quot;:&quot;\\\/ja\\\/wp-json\\\/wp\\\/v2\\\/pages\\\/42815?product-page=%#%&quot;,&quot;format &quot;:&quot;?product-page=%#%&quot;,&quot;page_id&quot;:42815,&quot;paginate_base&quot;:&quot;page&quot;,&quot;paginate_type&quot;:&quot;url&quot;}\" data-default-query=\"\" data-filter-settings=\"{&quot;settings&quot;:{&quot;display_on_page&quot;:&quot;both&quot;,&quot;display_on_page_shortcode&quot;:&quot;0&quot;,&quot;display_for&quot;:&quot;both&quot;,&quot;force_show_current&quot;:&quot;0&quot;,&quot;desctop_mobile_breakpoint_switcher&quot;:&quot;0&quot;,&quot;desctop_mobile_breakpoint_width&quot;:&quot;0&quot;,&quot;hide_without_products&quot;:&quot;0&quot;,&quot;count_product_shop&quot;:&quot;0&quot;,&quot;columns_product_shop&quot;:&quot;0&quot;,&quot;enable_ajax&quot;:&quot;1&quot;,&quot;remove_actions&quot;:&quot;0&quot;,&quot;product_list_selector&quot;:&quot;&quot;,&quot;product_container_selector&quot;:&quot;&quot;,&quot;force_theme_templates&quot;:&quot;0&quot;,&quot;do_not_use_shortcut&quot;:&quot;0&quot;,&quot;show_filtering_button&quot;:&quot;1&quot;,&quot;filtering_button_word&quot;:&quot;Filter&quot;,&quot;auto_update_filter&quot;:&quot;0&quot;,&quot;show_clean_button&quot;:&quot;0&quot;,&quot;show_clean_button_word&quot;:&quot;Clear&quot;,&quot;reset_all_filters&quot;:&quot;0&quot;,&quot;main_buttons_position&quot;:&quot;bottom&quot;,&quot;main_buttons_order&quot;:&quot;left&quot;,&quot;all_products_filtering&quot;:&quot;0&quot;,&quot;show_clean_block&quot;:&quot;0&quot;,&quot;show_clean_block_word&quot;:&quot;clear&quot;,&quot;filter_recount&quot;:&quot;0&quot;,&quot;filter_recount_price&quot;:&quot;0&quot;,&quot;filter_null_disabled&quot;:&quot;0&quot;,&quot;sort_by_title&quot;:&quot;0&quot;,&quot;checked_items_top&quot;:&quot;0&quot;,&quot;text_no_products&quot;:&quot;No products found&quot;,&quot;filtering_by_variations&quot;:&quot;0&quot;,&quot;hide_filter_icon&quot;:&quot;1&quot;,&quot;use_title_as_slug&quot;:&quot;0&quot;,&quot;use_category_filtration&quot;:&quot;1&quot;,&quot;check_get_names&quot;:&quot;0&quot;,&quot;f_multi_logic&quot;:&quot;and&quot;,&quot;filter_loader_icon_onload_enable&quot;:&quot;1&quot;,&quot;filter_loader_icon_color&quot;:&quot;#000000&quot;,&quot;filter_loader_icon_name&quot;:&quot;default&quot;,&quot;filter_loader_icon_number&quot;:&quot;0&quot;,&quot;enable_overlay&quot;:&quot;0&quot;,&quot;overlay_background&quot;:&quot;&quot;,&quot;enable_overlay_icon&quot;:&quot;0&quot;,&quot;enable_overlay_word&quot;:&quot;0&quot;,&quot;overlay_word&quot;:&quot;WooBeWoo&quot;,&quot;filter_width&quot;:&quot;100&quot;,&quot;filter_width_in&quot;:&quot;%&quot;,&quot;filter_width_mobile&quot;:&quot;100&quot;,&quot;filter_width_in_mobile&quot;:&quot;%&quot;,&quot;filter_block_width&quot;:&quot;100&quot;,&quot;filter_block_width_in&quot;:&quot;%&quot;,&quot;filter_block_width_mobile&quot;:&quot;100&quot;,&quot;filter_block_width_in_mobile&quot;:&quot;%&quot;,&quot;filter_block_height&quot;:&quot;&quot;,&quot;padding_child_list&quot;:&quot;&quot;,&quot;css_editor&quot;:&quot;&quot;,&quot;js_editor&quot;:&quot;&quot;,&quot;disable_plugin_styles&quot;:&quot;0&quot;,&quot;filters&quot;:{&quot;order&quot;:&quot;[{\\&quot;id\\&quot;:\\&quot;wpfCategory\\&quot;,\\&quot;uniqId\\&quot;:\\&quot;wpf_g3wdtptf4\\&quot;,\\&quot;name\\&quot;:\\&quot;filter_cat\\&quot;,\\&quot;settings\\&quot;:{\\&quot;f_enable\\&quot;:true,\\&quot;f_title\\&quot;:\\&quot;Kategoria\\&quot;,\\&quot;f_name\\&quot;:\\&quot;Product categories\\&quot;,\\&quot;f_enable_title\\&quot;:\\&quot;no\\&quot;,\\&quot;f_enable_title_mobile\\&quot;:\\&quot;no\\&quot;,\\&quot;f_frontend_type\\&quot;:\\&quot;dropdown\\&quot;,\\&quot;f_show_hierarchical\\&quot;:false,\\&quot;f_hide_parent\\&quot;:false,\\&quot;f_multi_logic_hierarchical\\&quot;:\\&quot;any\\&quot;,\\&quot;f_extend_parent_filtering\\&quot;:true,\\&quot;f_custom_tags\\&quot;:false,\\&quot;f_custom_tags_settings[header]\\&quot;:\\&quot;0\\&quot;,\\&quot;f_custom_tags_settings[title_1]\\&quot;:\\&quot;0\\&quot;,\\&quot;f_custom_tags_settings[title_2]\\&quot;:\\&quot;0\\&quot;,\\&quot;f_custom_tags_settings[title_3]\\&quot;:\\&quot;0\\&quot;,\\&quot;f_dropdown_first_option_text\\&quot;:\\&quot;Kategoria\\&quot;,\\&quot;f_sort_by\\&quot;:\\&quot;asc\\&quot;,\\&quot;f_order_custom\\&quot;:false,\\&quot;f_show_count\\&quot;:false,\\&quot;f_show_count_parent_with_children\\&quot;:false,\\&quot;f_hide_empty\\&quot;:false,\\&quot;f_hide_empty_active\\&quot;:false,\\&quot;f_mlist[]\\&quot;:\\&quot;131,116,132,130,135,136,137\\&quot;,\\&quot;f_mlist_with_children\\&quot;:false,\\&quot;f_hidden_categories\\&quot;:false,\\&quot;f_filtered_by_selected\\&quot;:false,\\&quot;f_show_search_input\\&quot;:false,\\&quot;f_hide_taxonomy\\&quot;:false,\\&quot;f_show_all_categories\\&quot;:false,\\&quot;f_layout\\&quot;:\\&quot;ver\\&quot;,\\&quot;f_ver_columns\\&quot;:\\&quot;1\\&quot;,\\&quot;f_max_height\\&quot;:\\&quot;200\\&quot;}},{\\&quot;id\\&quot;:\\&quot;wpfSortBy\\&quot;,\\&quot;uniqId\\&quot;:\\&quot;wpf_y0vqp2wmx\\&quot;,\\&quot;name\\&quot;:\\&quot;\\&quot;,\\&quot;settings\\&quot;:{\\&quot;f_enable\\&quot;:true,\\&quot;f_title\\&quot;:\\&quot;Sort by\\&quot;,\\&quot;f_name\\&quot;:\\&quot;Sort by\\&quot;,\\&quot;f_enable_title\\&quot;:\\&quot;no\\&quot;,\\&quot;f_enable_title_mobile\\&quot;:\\&quot;no\\&quot;,\\&quot;f_frontend_type\\&quot;:\\&quot;dropdown\\&quot;,\\&quot;f_options[]\\&quot;:\\&quot;default,date,price,title\\&quot;,\\&quot;f_option_labels[default]\\&quot;:\\&quot;Oletus\\&quot;,\\&quot;f_option_labels[date]\\&quot;:\\&quot;Uusin ensin\\&quot;,\\&quot;f_option_labels[price]\\&quot;:\\&quot;Hinta\\&quot;,\\&quot;f_option_labels[title]\\&quot;:\\&quot;Nimi\\&quot;}}]&quot;,&quot;preselect&quot;:&quot;&quot;}}}\" data-nowoo=\"true\"><div class=\"wpfFilterWrapper wpfNotActive\" id=\"wpfBlock_1\" data-order-key=\"0\"  data-filter-type=\"wpfCategory\" data-get-attribute=\"wpf_filter_cat_0\" data-display-type=\"dropdown\" data-content-type=\"taxonomy\" data-slug=\"\u30ab\u30c6\u30b4\u30ea\u30fc\" data-uniq-id=\"wpf_g3wdtptf4\" data-radio=\"0\" data-query-logic=\"or\" data-logic-hierarchical=\"any\" data-query-children=\"1\" data-show-hierarchical=\"false\" data-taxonomy=\"product_cat\" data-hide-active=\"0\" data-show-all=\"0\" data-use-slugs=\"0\"><div class=\"wpfFilterContent\"><div class=\"wpfCheckboxHier\"><select aria-label=\"Kategoria\"><option value=\"\" data-slug=\"\">Kategoria<\/option><option data-term-name=\"Alustat\" value=\"131\" data-term-slug=\"alustat\" data-count=\"0\" data-term-id=\"131\" data-slug=\"alustat\"  data-img=\"\">Alustat <\/option><option data-term-name=\"K\u00e4yntikortti-, kyn\u00e4-, passi- ja muut kotelot\" value=\"135\" data-term-slug=\"kayntikortti-kyna-ja-passikotelot\" data-count=\"0\" data-term-id=\"135\" data-slug=\"kayntikortti-kyna-ja-passikotelot\"  data-img=\"\">K\u00e4yntikortti-, kyn\u00e4-, passi- ja muut kotelot <\/option><option data-term-name=\"Lahjakortit\" value=\"116\" data-term-slug=\"lahjakortit\" data-count=\"0\" data-term-id=\"116\" data-slug=\"lahjakortit\"  data-img=\"\">Lahjakortit <\/option><option data-term-name=\"Piirustusputket, -salkut ja muut taidetarvikkeet\" value=\"136\" data-term-slug=\"piirustusputket-ja-salkut\" data-count=\"0\" data-term-id=\"136\" data-slug=\"piirustusputket-ja-salkut\"  data-img=\"\">Piirustusputket, -salkut ja muut taidetarvikkeet <\/option><option data-term-name=\"S\u00e4ilytysratkaisut\" value=\"132\" data-term-slug=\"sailytysratkaisut\" data-count=\"0\" data-term-id=\"132\" data-slug=\"sailytysratkaisut\"  data-img=\"\">S\u00e4ilytysratkaisut <\/option><option data-term-name=\"Tietokone- ja tablettisalkut\" value=\"130\" data-term-slug=\"tietokonesalkut\" data-count=\"0\" data-term-id=\"130\" data-slug=\"tietokonesalkut\"  data-img=\"\">Tietokone- ja tablettisalkut <\/option><option data-term-name=\"Vihkot ja kalenterit\" value=\"137\" data-term-slug=\"vihkot-ja-kalenterit\" data-count=\"0\" data-term-id=\"137\" data-slug=\"vihkot-ja-kalenterit\"  data-img=\"\">Vihkot ja kalenterit <\/option><\/select><\/div><\/div><\/div><div class=\"wpfFilterWrapper wpfNotActive\" id=\"wpfBlock_2\" data-order-key=\"1\"  data-filter-type=\"wpfSortBy\" data-get-attribute=\"orderby\" data-content-type=\"meta\" data-slug=\"\u4e26\u3073\u66ff\u3048\" data-uniq-id=\"wpf_y0vqp2wmx\" data-radio=\"0\" data-display-type=\"dropdown\" data-first-instock=\"0\"><div class=\"wpfFilterContent\"><label class=\"wpfSrOnly\" for=\"wpfSortProducts\">Sort Products<\/label><select id=\"wpfSortProducts\"><option data-term-name=\"Oletus\" value=\"default\" data-term-slug=\"\" data-count=\"0\" data-term-id=\"default\" data-slug=\"\"  data-img=\"\">Oletus <\/option><option data-term-name=\"Uusin ensin\" value=\"date\" data-term-slug=\"date\" data-count=\"0\" data-term-id=\"date\" data-slug=\"date\"  data-img=\"\">Uusin ensin <\/option><option data-term-name=\"Hinta\" value=\"price\" data-term-slug=\"price\" data-count=\"0\" data-term-id=\"price\" data-slug=\"price\"  data-img=\"\">Hinta <\/option><option data-term-name=\"Nimi\" value=\"title\" data-term-slug=\"title\" data-count=\"0\" data-term-id=\"title\" data-slug=\"title\"  data-img=\"\">Nimi <\/option><\/select><\/div><\/div><div class=\"wpfFilterButtons wpfFilterButtonsBottom\"><button class=\"wpfFilterButton wpfButton\">\u30d5\u30a3\u30eb\u30bf\u30fc<\/button><\/div><div class=\"wpfLoaderLayout\"><i class=\"fa fa-spinner fa-pulse fa-3x fa-fw\"><\/i><\/div><div class=\"wpfPreview wpfPreviewLoader wpfHidden\"><div class=\"woobewoo-filter-loader spinner\" ><\/div><\/div><\/div>[\/et_pb_code][et_pb_shop type=&#8221;product_category&#8221; posts_number=&#8221;-1&#8243; include_categories=&#8221;132,130,137,136,116,135,131&#8243; columns_number=&#8221;4&#8243; orderby=&#8221;menu_order&#8221; _builder_version=&#8221;4.10.4&#8243; _module_preset=&#8221;default&#8221; global_colors_info=&#8221;{}&#8221;][\/et_pb_shop][\/et_pb_column][\/et_pb_row][\/et_pb_section]<\/p>\n","protected":false},"excerpt":{"rendered":"<div class=\"et_pb_module lwp_divi_breadcrumbs lwp_divi_breadcrumbs_0\">\n\t\t\t\t\n\t\t\t\t\n\t\t\t\t\n\t\t\t\t\n\t\t\t\t\n\t\t\t\t\n\t\t\t\t<div class=\"et_pb_module_inner\">\n\t\t\t\t\t<div class=\"lwp-breadcrumbs\"> <span class=\"before\"><\/span> <span vocab=\"https:\/\/schema.org\/\" typeof=\"BreadcrumbList\"><span property=\"itemListElement\" typeof=\"ListItem\"><a property=\"item\" typeof=\"WebPage\" href=\"https:\/\/www.privatecase.fi\/ja\/\" class=\"home\"><span property=\"name\">&#8221;Private<\/span><\/a><meta property=\"position\" content=\"1\"><\/span> <span class=\"separator et-pb-icon\">&#x39;<\/span> <\/span><\/div>\n\t\t\t\t<\/div>\n\t\t\t<\/div>\n","protected":false},"author":44,"featured_media":0,"parent":0,"menu_order":0,"comment_status":"closed","ping_status":"closed","template":"","meta":{"_et_pb_use_builder":"on","_et_pb_old_content":"","_et_gb_content_width":"","_exactmetrics_skip_tracking":false,"_exactmetrics_sitenote_active":false,"_exactmetrics_sitenote_note":"","_exactmetrics_sitenote_category":0,"footnotes":""},"class_list":["post-42815","page","type-page","status-publish","hentry"],"_links":{"self":[{"href":"https:\/\/www.privatecase.fi\/ja\/wp-json\/wp\/v2\/pages\/42815","targetHints":{"allow":["GET"]}}],"collection":[{"href":"https:\/\/www.privatecase.fi\/ja\/wp-json\/wp\/v2\/pages"}],"about":[{"href":"https:\/\/www.privatecase.fi\/ja\/wp-json\/wp\/v2\/types\/page"}],"author":[{"embeddable":true,"href":"https:\/\/www.privatecase.fi\/ja\/wp-json\/wp\/v2\/users\/44"}],"replies":[{"embeddable":true,"href":"https:\/\/www.privatecase.fi\/ja\/wp-json\/wp\/v2\/comments?post=42815"}],"version-history":[{"count":1,"href":"https:\/\/www.privatecase.fi\/ja\/wp-json\/wp\/v2\/pages\/42815\/revisions"}],"predecessor-version":[{"id":42819,"href":"https:\/\/www.privatecase.fi\/ja\/wp-json\/wp\/v2\/pages\/42815\/revisions\/42819"}],"wp:attachment":[{"href":"https:\/\/www.privatecase.fi\/ja\/wp-json\/wp\/v2\/media?parent=42815"}],"curies":[{"name":"wp","href":"https:\/\/api.w.org\/{rel}","templated":true}]}}