{"id":33292,"date":"2019-10-22T10:53:24","date_gmt":"2019-10-22T07:53:24","guid":{"rendered":"https:\/\/www.privatecase.fi\/?post_type=product&#038;p=33292"},"modified":"2021-10-11T10:04:10","modified_gmt":"2021-10-11T07:04:10","slug":"lahjakortti","status":"publish","type":"product","link":"https:\/\/www.privatecase.fi\/ja\/tuote\/lahjakortti\/","title":{"rendered":"Lahjakortti"},"content":{"rendered":"<div class=\"et_pb_module et_pb_text et_pb_text_1 et_pb_text_align_left et_pb_bg_layout_light\">\n<div class=\"et_pb_text_inner\">\n<p>Lahjakortti k\u00e4y maksuksi vain Private Casen verkkokaupassa. Voimassaoloaika on 12 kuukautta ostosta. Lahjakortin summa on k\u00e4ytett\u00e4v\u00e4 kerralla, eik\u00e4 sit\u00e4 voi yhdist\u00e4\u00e4 alennuskoodeihin. Lahjakorttia ei voi vaihtaa rahaksi. S\u00e4hk\u00f6inen lahjakortti l\u00e4hetet\u00e4\u00e4n vuorokauden sis\u00e4ll\u00e4 maksajan s\u00e4hk\u00f6postiin, josta sen voi tulostaa tai l\u00e4hett\u00e4\u00e4 edelleen. Tarkistathan, ett\u00e4 s\u00e4hk\u00f6postiosoite on oikein kirjoitettu ennen kuin vahvistat tilauksen.<\/p>\n<\/div>\n<\/div>\n","protected":false},"excerpt":{"rendered":"<p>Anna mieluinen lahjakortti raikasta pohjoismaista tyyli\u00e4 arvostavalle henkil\u00f6lle. Private Casen tuoteperhe tarjoaa arjen harmoniaa ja silm\u00e4karkkia moneen tarkoitukseen.<\/p>\n","protected":false},"featured_media":33259,"template":"","meta":{"_et_pb_use_builder":"","_et_pb_old_content":"","_et_gb_content_width":"","_exactmetrics_skip_tracking":false,"_exactmetrics_sitenote_active":false,"_exactmetrics_sitenote_note":"","_exactmetrics_sitenote_category":0},"product_brand":[],"product_cat":[116],"product_tag":[],"class_list":{"0":"post-33292","1":"product","2":"type-product","3":"status-publish","4":"has-post-thumbnail","6":"product_cat-lahjakortit","8":"first","9":"instock","10":"taxable","11":"shipping-taxable","12":"purchasable","13":"product-type-variable"},"_links":{"self":[{"href":"https:\/\/www.privatecase.fi\/ja\/wp-json\/wp\/v2\/product\/33292","targetHints":{"allow":["GET"]}}],"collection":[{"href":"https:\/\/www.privatecase.fi\/ja\/wp-json\/wp\/v2\/product"}],"about":[{"href":"https:\/\/www.privatecase.fi\/ja\/wp-json\/wp\/v2\/types\/product"}],"wp:featuredmedia":[{"embeddable":true,"href":"https:\/\/www.privatecase.fi\/ja\/wp-json\/wp\/v2\/media\/33259"}],"wp:attachment":[{"href":"https:\/\/www.privatecase.fi\/ja\/wp-json\/wp\/v2\/media?parent=33292"}],"wp:term":[{"taxonomy":"product_brand","embeddable":true,"href":"https:\/\/www.privatecase.fi\/ja\/wp-json\/wp\/v2\/product_brand?post=33292"},{"taxonomy":"product_cat","embeddable":true,"href":"https:\/\/www.privatecase.fi\/ja\/wp-json\/wp\/v2\/product_cat?post=33292"},{"taxonomy":"product_tag","embeddable":true,"href":"https:\/\/www.privatecase.fi\/ja\/wp-json\/wp\/v2\/product_tag?post=33292"}],"curies":[{"name":"wp","href":"https:\/\/api.w.org\/{rel}","templated":true}]}}