{"id":38028,"date":"2021-09-28T10:47:35","date_gmt":"2021-09-28T07:47:35","guid":{"rendered":"https:\/\/www.privatecase.fi\/?post_type=product&#038;p=38028"},"modified":"2024-09-01T16:53:24","modified_gmt":"2024-09-01T13:53:24","slug":"pocket","status":"publish","type":"product","link":"https:\/\/www.privatecase.fi\/ja\/tuote\/pocket\/","title":{"rendered":"Pocket"},"content":{"rendered":"<p>Koko 90 x 120mm A6<\/p>\n<p>Vihossa on nelj\u00e4 osaa: kannet, merkkauskartonki, vaihdettavat sivut ja kyn\u00e4. Sivujen vaihdettavuus takaa sen, ett\u00e4 vihko s\u00e4ilyy matkassa mukana vuosia.<br \/>\nVihon jokainen sivu on eri kokoinen, erikseen leikattu, mik\u00e4 luo huolitellun n\u00e4kym\u00e4n oli vihko kiinni tai auki.<br \/>\nKannen materiaalina on ekologinen uusionahka tai luonnon korkki valintasi mukaan. Vihon takakannessa on Private Case preeglaus. Sis\u00e4sivut ovat ymp\u00e4rist\u00f6sertifioitua paperia.<br \/>\nVihkoa on saatavissa useissa eri v\u00e4reiss\u00e4.<br \/>\nPocket-vihko on suunniteltu ja valmistettu k\u00e4sity\u00f6n\u00e4 Suomessa.<\/p>\n","protected":false},"excerpt":{"rendered":"<p>Palkittu Pocket &#8211; A6 muistivihko on suunniteltu kulkemaan matkassa miss\u00e4 tahansa, milloin tahansa. Nimens\u00e4 mukaisesti se mahtuu taskuun ja pieneenkin laukkuun. Kyn\u00e4lle on oma paikkansa ja kuminauha pit\u00e4\u00e4 vihon suljettuna kun sit\u00e4 ei k\u00e4ytet\u00e4. Sis\u00e4vihko on helposti vaihdettavissa uuteen sen t\u00e4ytytty\u00e4.<\/p>\n","protected":false},"featured_media":38020,"template":"","meta":{"_et_pb_use_builder":"","_et_pb_old_content":"","_et_gb_content_width":"","_exactmetrics_skip_tracking":false,"_exactmetrics_sitenote_active":false,"_exactmetrics_sitenote_note":"","_exactmetrics_sitenote_category":0},"product_brand":[],"product_cat":[137],"product_tag":[],"class_list":{"0":"post-38028","1":"product","2":"type-product","3":"status-publish","4":"has-post-thumbnail","6":"product_cat-vihkot-ja-kalenterit","8":"first","9":"instock","10":"taxable","11":"shipping-taxable","12":"purchasable","13":"product-type-variable"},"_links":{"self":[{"href":"https:\/\/www.privatecase.fi\/ja\/wp-json\/wp\/v2\/product\/38028","targetHints":{"allow":["GET"]}}],"collection":[{"href":"https:\/\/www.privatecase.fi\/ja\/wp-json\/wp\/v2\/product"}],"about":[{"href":"https:\/\/www.privatecase.fi\/ja\/wp-json\/wp\/v2\/types\/product"}],"wp:featuredmedia":[{"embeddable":true,"href":"https:\/\/www.privatecase.fi\/ja\/wp-json\/wp\/v2\/media\/38020"}],"wp:attachment":[{"href":"https:\/\/www.privatecase.fi\/ja\/wp-json\/wp\/v2\/media?parent=38028"}],"wp:term":[{"taxonomy":"product_brand","embeddable":true,"href":"https:\/\/www.privatecase.fi\/ja\/wp-json\/wp\/v2\/product_brand?post=38028"},{"taxonomy":"product_cat","embeddable":true,"href":"https:\/\/www.privatecase.fi\/ja\/wp-json\/wp\/v2\/product_cat?post=38028"},{"taxonomy":"product_tag","embeddable":true,"href":"https:\/\/www.privatecase.fi\/ja\/wp-json\/wp\/v2\/product_tag?post=38028"}],"curies":[{"name":"wp","href":"https:\/\/api.w.org\/{rel}","templated":true}]}}