{"id":38062,"date":"2021-09-28T11:16:20","date_gmt":"2021-09-28T08:16:20","guid":{"rendered":"https:\/\/www.privatecase.fi\/?post_type=product&#038;p=38062"},"modified":"2024-09-01T17:00:17","modified_gmt":"2024-09-01T14:00:17","slug":"unlimited-notes","status":"publish","type":"product","link":"https:\/\/www.privatecase.fi\/ja\/tuote\/unlimited-notes\/","title":{"rendered":"Unlimited Notes"},"content":{"rendered":"<p>Koko 152 x 210 mm A5<\/p>\n<p>Vihossa on kolme osaa: kannet, merkkauskartonki ja vaihdettavat sivut. Sis\u00e4sivujen vaihdettavuus takaa vihon pitk\u00e4n k\u00e4ytt\u00f6i\u00e4n.<br \/>\nVihon jokainen sivu on eri kokoinen, erikseen leikattu, mik\u00e4 luo huolitellun n\u00e4kym\u00e4n oli vihko kiinni tai auki.<br \/>\nKannen materiaalivaihtoehtoja on kaksi: ekologinen uusionahka, jossa on Private Case preeglaus etukannessa tai l\u00e4piv\u00e4rj\u00e4tty uusiopahvi, jossa on Private Case silkkipainatus etukannessa. Sis\u00e4sivut ovat molemmissa vaihtoehdoissa ymp\u00e4rist\u00f6sertifioitua paperia.<br \/>\nVihkoa on saatavissa useissa eri v\u00e4reiss\u00e4.<\/p>\n<p>Unlimited-vihko on suunniteltu ja valmistettu k\u00e4sity\u00f6n\u00e4 Suomessa.<\/p>\n","protected":false},"excerpt":{"rendered":"<p>Unlimited Notes &#8211; A5 vihkoa voi nimens\u00e4 mukaan k\u00e4ytt\u00e4\u00e4 l\u00e4hes loputtomiin. Sis\u00e4vihko on helposti vaihdettavissa uuteeen ja arkistoitavissa, kun se on k\u00e4ytetty loppuun. K\u00e4tev\u00e4 ja kest\u00e4v\u00e4 vihko kulkee helposti mukana ja sopii niin muistiinpanoille kuin luonnosteluunkin.<\/p>\n","protected":false},"featured_media":40363,"template":"","meta":{"_et_pb_use_builder":"","_et_pb_old_content":"","_et_gb_content_width":"","_exactmetrics_skip_tracking":false,"_exactmetrics_sitenote_active":false,"_exactmetrics_sitenote_note":"","_exactmetrics_sitenote_category":0},"product_brand":[],"product_cat":[137],"product_tag":[],"class_list":{"0":"post-38062","1":"product","2":"type-product","3":"status-publish","4":"has-post-thumbnail","6":"product_cat-vihkot-ja-kalenterit","8":"first","9":"instock","10":"taxable","11":"shipping-taxable","12":"purchasable","13":"product-type-variable"},"_links":{"self":[{"href":"https:\/\/www.privatecase.fi\/ja\/wp-json\/wp\/v2\/product\/38062","targetHints":{"allow":["GET"]}}],"collection":[{"href":"https:\/\/www.privatecase.fi\/ja\/wp-json\/wp\/v2\/product"}],"about":[{"href":"https:\/\/www.privatecase.fi\/ja\/wp-json\/wp\/v2\/types\/product"}],"wp:featuredmedia":[{"embeddable":true,"href":"https:\/\/www.privatecase.fi\/ja\/wp-json\/wp\/v2\/media\/40363"}],"wp:attachment":[{"href":"https:\/\/www.privatecase.fi\/ja\/wp-json\/wp\/v2\/media?parent=38062"}],"wp:term":[{"taxonomy":"product_brand","embeddable":true,"href":"https:\/\/www.privatecase.fi\/ja\/wp-json\/wp\/v2\/product_brand?post=38062"},{"taxonomy":"product_cat","embeddable":true,"href":"https:\/\/www.privatecase.fi\/ja\/wp-json\/wp\/v2\/product_cat?post=38062"},{"taxonomy":"product_tag","embeddable":true,"href":"https:\/\/www.privatecase.fi\/ja\/wp-json\/wp\/v2\/product_tag?post=38062"}],"curies":[{"name":"wp","href":"https:\/\/api.w.org\/{rel}","templated":true}]}}