{"id":38106,"date":"2021-09-29T09:38:01","date_gmt":"2021-09-29T06:38:01","guid":{"rendered":"https:\/\/www.privatecase.fi\/?post_type=product&#038;p=38106"},"modified":"2024-09-01T17:06:39","modified_gmt":"2024-09-01T14:06:39","slug":"kahvavihko","status":"publish","type":"product","link":"https:\/\/www.privatecase.fi\/ja\/tuote\/kahvavihko\/","title":{"rendered":"Kahvavihko"},"content":{"rendered":"<p>Koko 152 x 210 mm A5<br \/>\nKoko 245 x 315 mm A4<br \/>\n180 sivua<br \/>\nKannen materiaalina on ekologinen uusionahka tai uusiopahvi. Vihon takakannessa on Private Case preeglaus. Sis\u00e4sivut ovat ymp\u00e4rist\u00f6sertifioitua paperia.<br \/>\nVihkoa on saatavissa kahdessa eri koossa useissa eri v\u00e4reiss\u00e4.<br \/>\nKahvavihko on suunniteltu ja valmistettu k\u00e4sity\u00f6n\u00e4 Suomessa.<\/p>\n","protected":false},"excerpt":{"rendered":"<p>Leikkis\u00e4, mutta samalla k\u00e4tev\u00e4sti kuljetettava A4\/A5-kokoinen Kahvavihko matkalle, muistiinpanoille ja piirt\u00e4miseen.<\/p>\n","protected":false},"featured_media":40408,"template":"","meta":{"_et_pb_use_builder":"","_et_pb_old_content":"","_et_gb_content_width":"","_exactmetrics_skip_tracking":false,"_exactmetrics_sitenote_active":false,"_exactmetrics_sitenote_note":"","_exactmetrics_sitenote_category":0},"product_brand":[],"product_cat":[137],"product_tag":[],"class_list":{"0":"post-38106","1":"product","2":"type-product","3":"status-publish","4":"has-post-thumbnail","6":"product_cat-vihkot-ja-kalenterit","8":"first","9":"instock","10":"taxable","11":"shipping-taxable","12":"purchasable","13":"product-type-variable"},"_links":{"self":[{"href":"https:\/\/www.privatecase.fi\/ja\/wp-json\/wp\/v2\/product\/38106","targetHints":{"allow":["GET"]}}],"collection":[{"href":"https:\/\/www.privatecase.fi\/ja\/wp-json\/wp\/v2\/product"}],"about":[{"href":"https:\/\/www.privatecase.fi\/ja\/wp-json\/wp\/v2\/types\/product"}],"wp:featuredmedia":[{"embeddable":true,"href":"https:\/\/www.privatecase.fi\/ja\/wp-json\/wp\/v2\/media\/40408"}],"wp:attachment":[{"href":"https:\/\/www.privatecase.fi\/ja\/wp-json\/wp\/v2\/media?parent=38106"}],"wp:term":[{"taxonomy":"product_brand","embeddable":true,"href":"https:\/\/www.privatecase.fi\/ja\/wp-json\/wp\/v2\/product_brand?post=38106"},{"taxonomy":"product_cat","embeddable":true,"href":"https:\/\/www.privatecase.fi\/ja\/wp-json\/wp\/v2\/product_cat?post=38106"},{"taxonomy":"product_tag","embeddable":true,"href":"https:\/\/www.privatecase.fi\/ja\/wp-json\/wp\/v2\/product_tag?post=38106"}],"curies":[{"name":"wp","href":"https:\/\/api.w.org\/{rel}","templated":true}]}}