{"id":38205,"date":"2021-09-29T09:37:13","date_gmt":"2021-09-29T06:37:13","guid":{"rendered":"https:\/\/www.privatecase.fi\/?post_type=product&#038;p=38205"},"modified":"2024-09-26T17:52:58","modified_gmt":"2024-09-26T14:52:58","slug":"a5-kalenteri-ja-vihko-kotelossa","status":"publish","type":"product","link":"https:\/\/www.privatecase.fi\/ja\/tuote\/a5-kalenteri-ja-vihko-kotelossa\/","title":{"rendered":"A5 kalenteri  ja vihko kotelossa"},"content":{"rendered":"<p style=\"font-weight: 400;\">Kotelon koko 175 x 240 x 20 mm<br \/>\nKalenterin ja vihkon koko 148 x 210 mm (A5)<br \/>\nKotelon materiaalina joko uusionahka tai luonnon korkki valintasi mukaan, takakannessa Private Case -preeglaus.<br \/>\nKalendaariona Ajaston Wega -vuosikalenteri.<\/p>\n<p>Koko 148 x 210 mm (A5)<br \/>\n2025 yleiskalendaario FI\/SE\/EN<br \/>\nVuosisuunnitelmat 2025 ja 2026<br \/>\nSelke\u00e4 Private Case -projektihaitarikalenteri 6 kk:n n\u00e4kym\u00e4ll\u00e4 \/ puoli<br \/>\nKansainv\u00e4liset vapaap\u00e4iv\u00e4t<br \/>\nSuomalaiset ja suomenruotsalaiset nimip\u00e4iv\u00e4t<br \/>\nAuringon nousu- ja laskuajat (Helsinki, Oulu)<br \/>\nKansainv\u00e4linen aika<br \/>\nRunsaasti muistiinpanotilaa<br \/>\nYmp\u00e4rist\u00f6yst\u00e4v\u00e4llinen Avainlipputuote<\/p>\n","protected":false},"excerpt":{"rendered":"<p>Vetoketjullinen kalenterikotelo sis\u00e4lt\u00e4\u00e4 A5-kokoisen kalenterin ja vihkon. T\u00e4m\u00e4 kalenteri soveltuu monivuotiseen k\u00e4ytt\u00f6\u00f6n, sill\u00e4 kotelo kest\u00e4\u00e4 k\u00e4yt\u00f6ss\u00e4 pitk\u00e4\u00e4n ja kalenterin voi vaihtaa joka vuosi uuteen. Vihkoksi on valittavissa uusiopahvinen Unlimited Notes -vihko tai perinteinen kierresidottu t\u00e4ytt\u00f6vihko. T\u00e4ytt\u00f6kalenteri, Unlimited Notes -vihko ja kierret\u00e4ytt\u00f6vihko saatavilla my\u00f6s erikseen.<\/p>\n","protected":false},"featured_media":40556,"template":"","meta":{"_et_pb_use_builder":"","_et_pb_old_content":"","_et_gb_content_width":"","_exactmetrics_skip_tracking":false,"_exactmetrics_sitenote_active":false,"_exactmetrics_sitenote_note":"","_exactmetrics_sitenote_category":0},"product_brand":[],"product_cat":[137],"product_tag":[],"class_list":{"0":"post-38205","1":"product","2":"type-product","3":"status-publish","4":"has-post-thumbnail","6":"product_cat-vihkot-ja-kalenterit","8":"first","9":"instock","10":"taxable","11":"shipping-taxable","12":"purchasable","13":"product-type-variable"},"_links":{"self":[{"href":"https:\/\/www.privatecase.fi\/ja\/wp-json\/wp\/v2\/product\/38205","targetHints":{"allow":["GET"]}}],"collection":[{"href":"https:\/\/www.privatecase.fi\/ja\/wp-json\/wp\/v2\/product"}],"about":[{"href":"https:\/\/www.privatecase.fi\/ja\/wp-json\/wp\/v2\/types\/product"}],"wp:featuredmedia":[{"embeddable":true,"href":"https:\/\/www.privatecase.fi\/ja\/wp-json\/wp\/v2\/media\/40556"}],"wp:attachment":[{"href":"https:\/\/www.privatecase.fi\/ja\/wp-json\/wp\/v2\/media?parent=38205"}],"wp:term":[{"taxonomy":"product_brand","embeddable":true,"href":"https:\/\/www.privatecase.fi\/ja\/wp-json\/wp\/v2\/product_brand?post=38205"},{"taxonomy":"product_cat","embeddable":true,"href":"https:\/\/www.privatecase.fi\/ja\/wp-json\/wp\/v2\/product_cat?post=38205"},{"taxonomy":"product_tag","embeddable":true,"href":"https:\/\/www.privatecase.fi\/ja\/wp-json\/wp\/v2\/product_tag?post=38205"}],"curies":[{"name":"wp","href":"https:\/\/api.w.org\/{rel}","templated":true}]}}