{"id":38218,"date":"2021-09-29T09:37:12","date_gmt":"2021-09-29T06:37:12","guid":{"rendered":"https:\/\/www.privatecase.fi\/?post_type=product&#038;p=38218"},"modified":"2025-11-11T14:15:49","modified_gmt":"2025-11-11T12:15:49","slug":"taskukalenteri-vihko-osalla","status":"publish","type":"product","link":"https:\/\/www.privatecase.fi\/ja\/tuote\/taskukalenteri-vihko-osalla\/","title":{"rendered":"Taskukalenteri vihko-osalla"},"content":{"rendered":"<p>Koko 85 x 162 mm<br \/>\nHyvin aukeava kierresidottu kalenteri valintasi mukaisilla kansilla, takakannessa Private Case preeglaus<br \/>\n2026 yleiskalendaario FI<br \/>\nVuosisuunnitelmat 2026 ja 2027<br \/>\nKansalliset vapaap\u00e4iv\u00e4t<br \/>\nSuomalaiset nimip\u00e4iv\u00e4t<br \/>\nEuroopan kartta<br \/>\nPaljon tilaa muistiinpanoille<br \/>\nYmp\u00e4rist\u00f6yst\u00e4v\u00e4llinen Avainlipputuote<\/p>\n","protected":false},"excerpt":{"rendered":"<p>K\u00e4sin sidottu taskukalenteri, jossa erillinen vihko-osa. Tilaihme vaikka taskussa kuljetettavaksi.<\/p>\n","protected":false},"featured_media":43837,"template":"","meta":{"_et_pb_use_builder":"","_et_pb_old_content":"","_et_gb_content_width":"","_exactmetrics_skip_tracking":false,"_exactmetrics_sitenote_active":false,"_exactmetrics_sitenote_note":"","_exactmetrics_sitenote_category":0},"product_brand":[],"product_cat":[137],"product_tag":[],"class_list":{"0":"post-38218","1":"product","2":"type-product","3":"status-publish","4":"has-post-thumbnail","6":"product_cat-vihkot-ja-kalenterit","8":"first","9":"instock","10":"taxable","11":"shipping-taxable","12":"purchasable","13":"product-type-variable"},"_links":{"self":[{"href":"https:\/\/www.privatecase.fi\/ja\/wp-json\/wp\/v2\/product\/38218","targetHints":{"allow":["GET"]}}],"collection":[{"href":"https:\/\/www.privatecase.fi\/ja\/wp-json\/wp\/v2\/product"}],"about":[{"href":"https:\/\/www.privatecase.fi\/ja\/wp-json\/wp\/v2\/types\/product"}],"wp:featuredmedia":[{"embeddable":true,"href":"https:\/\/www.privatecase.fi\/ja\/wp-json\/wp\/v2\/media\/43837"}],"wp:attachment":[{"href":"https:\/\/www.privatecase.fi\/ja\/wp-json\/wp\/v2\/media?parent=38218"}],"wp:term":[{"taxonomy":"product_brand","embeddable":true,"href":"https:\/\/www.privatecase.fi\/ja\/wp-json\/wp\/v2\/product_brand?post=38218"},{"taxonomy":"product_cat","embeddable":true,"href":"https:\/\/www.privatecase.fi\/ja\/wp-json\/wp\/v2\/product_cat?post=38218"},{"taxonomy":"product_tag","embeddable":true,"href":"https:\/\/www.privatecase.fi\/ja\/wp-json\/wp\/v2\/product_tag?post=38218"}],"curies":[{"name":"wp","href":"https:\/\/api.w.org\/{rel}","templated":true}]}}