{"id":38260,"date":"2021-09-29T09:37:12","date_gmt":"2021-09-29T06:37:12","guid":{"rendered":"https:\/\/www.privatecase.fi\/?post_type=product&#038;p=38260"},"modified":"2024-09-01T17:29:32","modified_gmt":"2024-09-01T14:29:32","slug":"b2-piirustussalkku-2","status":"publish","type":"product","link":"https:\/\/www.privatecase.fi\/ja\/tuote\/b2-piirustussalkku-2\/","title":{"rendered":"B2 piirustussalkku"},"content":{"rendered":"<p>Koko 730 x 530 x 25 mm<br \/>\nPiirustussalkut on valmistettu uusiopahvista. Etupuolen l\u00e4pp\u00e4 sulkeutuu kahden lukon avulla. Salkun yl\u00e4reunassa on kuljettamista helpottava kahva.<br \/>\nUusiopahvin v\u00e4rin\u00e4 on musta.<\/p>\n","protected":false},"excerpt":{"rendered":"<p>S\u00e4ilyt\u00e4 ja kuljeta turvallisesti piirustuksesi laadukkaassa Private Case piirustussalkussa.<\/p>\n","protected":false},"featured_media":41731,"template":"","meta":{"_et_pb_use_builder":"","_et_pb_old_content":"","_et_gb_content_width":"","_exactmetrics_skip_tracking":false,"_exactmetrics_sitenote_active":false,"_exactmetrics_sitenote_note":"","_exactmetrics_sitenote_category":0},"product_brand":[],"product_cat":[136],"product_tag":[],"class_list":{"0":"post-38260","1":"product","2":"type-product","3":"status-publish","4":"has-post-thumbnail","6":"product_cat-piirustusputket-ja-salkut","8":"first","9":"instock","10":"taxable","11":"shipping-taxable","12":"purchasable","13":"product-type-simple"},"_links":{"self":[{"href":"https:\/\/www.privatecase.fi\/ja\/wp-json\/wp\/v2\/product\/38260","targetHints":{"allow":["GET"]}}],"collection":[{"href":"https:\/\/www.privatecase.fi\/ja\/wp-json\/wp\/v2\/product"}],"about":[{"href":"https:\/\/www.privatecase.fi\/ja\/wp-json\/wp\/v2\/types\/product"}],"wp:featuredmedia":[{"embeddable":true,"href":"https:\/\/www.privatecase.fi\/ja\/wp-json\/wp\/v2\/media\/41731"}],"wp:attachment":[{"href":"https:\/\/www.privatecase.fi\/ja\/wp-json\/wp\/v2\/media?parent=38260"}],"wp:term":[{"taxonomy":"product_brand","embeddable":true,"href":"https:\/\/www.privatecase.fi\/ja\/wp-json\/wp\/v2\/product_brand?post=38260"},{"taxonomy":"product_cat","embeddable":true,"href":"https:\/\/www.privatecase.fi\/ja\/wp-json\/wp\/v2\/product_cat?post=38260"},{"taxonomy":"product_tag","embeddable":true,"href":"https:\/\/www.privatecase.fi\/ja\/wp-json\/wp\/v2\/product_tag?post=38260"}],"curies":[{"name":"wp","href":"https:\/\/api.w.org\/{rel}","templated":true}]}}