{"id":38320,"date":"2021-09-29T09:37:10","date_gmt":"2021-09-29T06:37:10","guid":{"rendered":"https:\/\/www.privatecase.fi\/?post_type=product&#038;p=38320"},"modified":"2024-09-01T17:44:23","modified_gmt":"2024-09-01T14:44:23","slug":"all-you-need-kotelo-2","status":"publish","type":"product","link":"https:\/\/www.privatecase.fi\/ja\/tuote\/all-you-need-kotelo-2\/","title":{"rendered":"All-You-Need kotelo"},"content":{"rendered":"<p>Koko 210 mm x 110 mm x 20 mm<br \/>\nAll You Need-kotelon materiaalina on ekologinen uusionahka tai l\u00e4mmin luonnon korkki.<br \/>\nKotelossa on yksi iso tasku, kolme korttitaskua sek\u00e4 yksi vetoketjullinen tasku kolikoille. Lis\u00e4ksi kotelossa on sis\u00e4ll\u00e4 verkkotasku, mik\u00e4\u00a0sopii erityisesti matkapuhelimelle, joka soidessaan n\u00e4kyy ja kuuluu etupuolella olevan ikkunan l\u00e4pi.<br \/>\nAsiakkaiden toiveesta tuotteeseen on lis\u00e4tty lyhyt, irrotettava hihna.<br \/>\nKoteloita on useita eri v\u00e4rivaihtoehtoja, mutta sek\u00e4 vetoketju ett\u00e4 hihna ovat mustat.<br \/>\nAll You Need-kotelot on suunniteltu ja valmistettu k\u00e4sity\u00f6n\u00e4 Suomessa.<\/p>\n","protected":false},"excerpt":{"rendered":"<p>Palkittu All You Need puhelinkotelo mukaan matkalle tai vaikka p\u00e4ivitt\u00e4iseen k\u00e4ytt\u00f6\u00f6n. Siihen mahtuu k\u00e4tev\u00e4sti kaikkein t\u00e4rkeimm\u00e4t pikkutavarat kuten matkapuhelin, maksukortit, k\u00e4yntikortit tai vaikka matkaliput ja passi.<\/p>\n","protected":false},"featured_media":43384,"template":"","meta":{"_et_pb_use_builder":"","_et_pb_old_content":"","_et_gb_content_width":"","_exactmetrics_skip_tracking":false,"_exactmetrics_sitenote_active":false,"_exactmetrics_sitenote_note":"","_exactmetrics_sitenote_category":0},"product_brand":[],"product_cat":[135],"product_tag":[],"class_list":{"0":"post-38320","1":"product","2":"type-product","3":"status-publish","4":"has-post-thumbnail","6":"product_cat-kayntikortti-kyna-ja-passikotelot","8":"first","9":"instock","10":"taxable","11":"shipping-taxable","12":"purchasable","13":"product-type-variable"},"_links":{"self":[{"href":"https:\/\/www.privatecase.fi\/ja\/wp-json\/wp\/v2\/product\/38320","targetHints":{"allow":["GET"]}}],"collection":[{"href":"https:\/\/www.privatecase.fi\/ja\/wp-json\/wp\/v2\/product"}],"about":[{"href":"https:\/\/www.privatecase.fi\/ja\/wp-json\/wp\/v2\/types\/product"}],"wp:featuredmedia":[{"embeddable":true,"href":"https:\/\/www.privatecase.fi\/ja\/wp-json\/wp\/v2\/media\/43384"}],"wp:attachment":[{"href":"https:\/\/www.privatecase.fi\/ja\/wp-json\/wp\/v2\/media?parent=38320"}],"wp:term":[{"taxonomy":"product_brand","embeddable":true,"href":"https:\/\/www.privatecase.fi\/ja\/wp-json\/wp\/v2\/product_brand?post=38320"},{"taxonomy":"product_cat","embeddable":true,"href":"https:\/\/www.privatecase.fi\/ja\/wp-json\/wp\/v2\/product_cat?post=38320"},{"taxonomy":"product_tag","embeddable":true,"href":"https:\/\/www.privatecase.fi\/ja\/wp-json\/wp\/v2\/product_tag?post=38320"}],"curies":[{"name":"wp","href":"https:\/\/api.w.org\/{rel}","templated":true}]}}