{"id":38333,"date":"2021-09-29T09:37:10","date_gmt":"2021-09-29T06:37:10","guid":{"rendered":"https:\/\/www.privatecase.fi\/?post_type=product&#038;p=38333"},"modified":"2024-09-01T17:42:22","modified_gmt":"2024-09-01T14:42:22","slug":"kynakotelo-2","status":"publish","type":"product","link":"https:\/\/www.privatecase.fi\/ja\/tuote\/kynakotelo-2\/","title":{"rendered":"Kyn\u00e4kotelo"},"content":{"rendered":"<p>Koko 210 x 50 x 15 mm<br \/>\nKyn\u00e4kotelon materiaalina on ekologinen uusionahka, mik\u00e4 hylkii kosteutta ja likaa ja on helppo pit\u00e4\u00e4 puhtaana. Valittavanasi on my\u00f6s l\u00e4mmin luonnon korkki.<br \/>\nMuotoilultaan kotelo on yksinkertainen ja ajaton. Kotelon takapuolella on Private Case preeglaus.<br \/>\nV\u00e4rivaihtoehtoja on useita, mutta kuminauha on aina joko musta tai valkoinen.<br \/>\nKyn\u00e4kotelot on suunniteltu ja valmistettu k\u00e4sity\u00f6n\u00e4 Suomessa hukka minimoiden.<br \/>\nAvainlippu ja Design from Finland tuote.<\/p>\n","protected":false},"excerpt":{"rendered":"<p>Muotoilultaan ajaton kyn\u00e4kotelo soveltuu yksinkertaisuudessaan kynien s\u00e4ilytyksest\u00e4 k\u00e4sity\u00f6tarvikkeiden, kuten neule- ja virkkuupuikkojen s\u00e4ilytykseen. Kotelon koko on suunniteltu siten, ett\u00e4 materiaalin hukka on minimoitu.<\/p>\n","protected":false},"featured_media":41709,"template":"","meta":{"_et_pb_use_builder":"","_et_pb_old_content":"","_et_gb_content_width":"","_exactmetrics_skip_tracking":false,"_exactmetrics_sitenote_active":false,"_exactmetrics_sitenote_note":"","_exactmetrics_sitenote_category":0},"product_brand":[],"product_cat":[135],"product_tag":[],"class_list":{"0":"post-38333","1":"product","2":"type-product","3":"status-publish","4":"has-post-thumbnail","6":"product_cat-kayntikortti-kyna-ja-passikotelot","8":"first","9":"instock","10":"taxable","11":"shipping-taxable","12":"purchasable","13":"product-type-variable"},"_links":{"self":[{"href":"https:\/\/www.privatecase.fi\/ja\/wp-json\/wp\/v2\/product\/38333","targetHints":{"allow":["GET"]}}],"collection":[{"href":"https:\/\/www.privatecase.fi\/ja\/wp-json\/wp\/v2\/product"}],"about":[{"href":"https:\/\/www.privatecase.fi\/ja\/wp-json\/wp\/v2\/types\/product"}],"wp:featuredmedia":[{"embeddable":true,"href":"https:\/\/www.privatecase.fi\/ja\/wp-json\/wp\/v2\/media\/41709"}],"wp:attachment":[{"href":"https:\/\/www.privatecase.fi\/ja\/wp-json\/wp\/v2\/media?parent=38333"}],"wp:term":[{"taxonomy":"product_brand","embeddable":true,"href":"https:\/\/www.privatecase.fi\/ja\/wp-json\/wp\/v2\/product_brand?post=38333"},{"taxonomy":"product_cat","embeddable":true,"href":"https:\/\/www.privatecase.fi\/ja\/wp-json\/wp\/v2\/product_cat?post=38333"},{"taxonomy":"product_tag","embeddable":true,"href":"https:\/\/www.privatecase.fi\/ja\/wp-json\/wp\/v2\/product_tag?post=38333"}],"curies":[{"name":"wp","href":"https:\/\/api.w.org\/{rel}","templated":true}]}}