{"id":38362,"date":"2021-09-29T09:37:09","date_gmt":"2021-09-29T06:37:09","guid":{"rendered":"https:\/\/www.privatecase.fi\/?post_type=product&#038;p=38362"},"modified":"2024-09-01T17:48:52","modified_gmt":"2024-09-01T14:48:52","slug":"avainkotelo-pieni-suuri","status":"publish","type":"product","link":"https:\/\/www.privatecase.fi\/ja\/tuote\/avainkotelo-pieni-suuri\/","title":{"rendered":"Avainkotelo pieni \/ suuri"},"content":{"rendered":"<p>Koko pieni 60 x 90 mm<br \/>\nKoko suuri 60 x 110 mm<br \/>\nAvainkotelon materiaalina on ekologinen uusionahka ja siin\u00e4 on tilaa kolmelle avaimelle.<br \/>\nAvainkotelon sis\u00e4puolella on Private Case preeglaus<br \/>\nKoteloita on useita eri v\u00e4rivaihtoehtoja.<br \/>\nAvainkotelot on suunniteltu ja valmistettu k\u00e4sity\u00f6n\u00e4 Suomessa.<\/p>\n","protected":false},"excerpt":{"rendered":"<p>Kest\u00e4v\u00e4 ja turvallinen kotelo avaimille, mik\u00e4 on valmistettu ymp\u00e4rist\u00f6yst\u00e4v\u00e4llisest\u00e4 uusionahkasta. Kotelossa on kolme avainrengasta.<\/p>\n","protected":false},"featured_media":40843,"template":"","meta":{"_et_pb_use_builder":"","_et_pb_old_content":"","_et_gb_content_width":"","_exactmetrics_skip_tracking":false,"_exactmetrics_sitenote_active":false,"_exactmetrics_sitenote_note":"","_exactmetrics_sitenote_category":0},"product_brand":[],"product_cat":[135],"product_tag":[],"class_list":{"0":"post-38362","1":"product","2":"type-product","3":"status-publish","4":"has-post-thumbnail","6":"product_cat-kayntikortti-kyna-ja-passikotelot","8":"first","9":"instock","10":"taxable","11":"shipping-taxable","12":"purchasable","13":"product-type-variable"},"_links":{"self":[{"href":"https:\/\/www.privatecase.fi\/ja\/wp-json\/wp\/v2\/product\/38362","targetHints":{"allow":["GET"]}}],"collection":[{"href":"https:\/\/www.privatecase.fi\/ja\/wp-json\/wp\/v2\/product"}],"about":[{"href":"https:\/\/www.privatecase.fi\/ja\/wp-json\/wp\/v2\/types\/product"}],"wp:featuredmedia":[{"embeddable":true,"href":"https:\/\/www.privatecase.fi\/ja\/wp-json\/wp\/v2\/media\/40843"}],"wp:attachment":[{"href":"https:\/\/www.privatecase.fi\/ja\/wp-json\/wp\/v2\/media?parent=38362"}],"wp:term":[{"taxonomy":"product_brand","embeddable":true,"href":"https:\/\/www.privatecase.fi\/ja\/wp-json\/wp\/v2\/product_brand?post=38362"},{"taxonomy":"product_cat","embeddable":true,"href":"https:\/\/www.privatecase.fi\/ja\/wp-json\/wp\/v2\/product_cat?post=38362"},{"taxonomy":"product_tag","embeddable":true,"href":"https:\/\/www.privatecase.fi\/ja\/wp-json\/wp\/v2\/product_tag?post=38362"}],"curies":[{"name":"wp","href":"https:\/\/api.w.org\/{rel}","templated":true}]}}