{"id":38421,"date":"2021-09-29T09:36:39","date_gmt":"2021-09-29T06:36:39","guid":{"rendered":"https:\/\/www.privatecase.fi\/?post_type=product&#038;p=38421"},"modified":"2024-09-01T18:05:02","modified_gmt":"2024-09-01T15:05:02","slug":"tietokonesalkku-uusionahka","status":"publish","type":"product","link":"https:\/\/www.privatecase.fi\/ja\/tuote\/tietokonesalkku-uusionahka\/","title":{"rendered":"Tietokonesalkku, uusionahka"},"content":{"rendered":"<p>Koko 350 x 255 x 30 mm<br \/>\nLaukun materiaalina on uusionahka, mik\u00e4 hylkii vett\u00e4 ja likaa ja on helppo pit\u00e4\u00e4 puhtaana pyyhkim\u00e4ll\u00e4.<br \/>\nIrroitettavan sis\u00e4pussin materiaalina on huopa, mik\u00e4 on valmistettu 100% luonnon villasta, mik\u00e4 tarjoaa paitsi erinomaisen suojan tietokoneelle, on se my\u00f6s paloturvallinen.<br \/>\nLaukkua on saatavissa useissa eri v\u00e4reiss\u00e4.<br \/>\nTietokonesalkku on suunniteltu ja valmistettu k\u00e4sity\u00f6n\u00e4 Suomessa.<\/p>\n","protected":false},"excerpt":{"rendered":"<p>Uusionahkainen tietokonesalkku. Sis\u00e4ll\u00e4 irrotettava tasku 13\u2033 \u2013 14\u2033 kannettavalle tietokoneelle.<\/p>\n","protected":false},"featured_media":40928,"template":"","meta":{"_et_pb_use_builder":"","_et_pb_old_content":"","_et_gb_content_width":"","_exactmetrics_skip_tracking":false,"_exactmetrics_sitenote_active":false,"_exactmetrics_sitenote_note":"","_exactmetrics_sitenote_category":0},"product_brand":[],"product_cat":[130],"product_tag":[],"class_list":{"0":"post-38421","1":"product","2":"type-product","3":"status-publish","4":"has-post-thumbnail","6":"product_cat-tietokonesalkut","8":"first","9":"instock","10":"taxable","11":"shipping-taxable","12":"purchasable","13":"product-type-variable"},"_links":{"self":[{"href":"https:\/\/www.privatecase.fi\/ja\/wp-json\/wp\/v2\/product\/38421","targetHints":{"allow":["GET"]}}],"collection":[{"href":"https:\/\/www.privatecase.fi\/ja\/wp-json\/wp\/v2\/product"}],"about":[{"href":"https:\/\/www.privatecase.fi\/ja\/wp-json\/wp\/v2\/types\/product"}],"wp:featuredmedia":[{"embeddable":true,"href":"https:\/\/www.privatecase.fi\/ja\/wp-json\/wp\/v2\/media\/40928"}],"wp:attachment":[{"href":"https:\/\/www.privatecase.fi\/ja\/wp-json\/wp\/v2\/media?parent=38421"}],"wp:term":[{"taxonomy":"product_brand","embeddable":true,"href":"https:\/\/www.privatecase.fi\/ja\/wp-json\/wp\/v2\/product_brand?post=38421"},{"taxonomy":"product_cat","embeddable":true,"href":"https:\/\/www.privatecase.fi\/ja\/wp-json\/wp\/v2\/product_cat?post=38421"},{"taxonomy":"product_tag","embeddable":true,"href":"https:\/\/www.privatecase.fi\/ja\/wp-json\/wp\/v2\/product_tag?post=38421"}],"curies":[{"name":"wp","href":"https:\/\/api.w.org\/{rel}","templated":true}]}}