{"id":38437,"date":"2021-09-29T09:36:38","date_gmt":"2021-09-29T06:36:38","guid":{"rendered":"https:\/\/www.privatecase.fi\/?post_type=product&#038;p=38437"},"modified":"2026-03-25T08:22:57","modified_gmt":"2026-03-25T06:22:57","slug":"tablettikotelo-s-m-l","status":"publish","type":"product","link":"https:\/\/www.privatecase.fi\/ja\/tuote\/tablettikotelo-s-m-l\/","title":{"rendered":"Tablettikotelo S \/ M \/ L"},"content":{"rendered":"<p>S-koko 240 x 180 x 20 mm; M-koko 280 x 218 x 20 mm; L-koko 325 x 227 x 20 mm<br \/>\nTablettikotelon materiaalina on uusionahka, mik\u00e4 hylkii vett\u00e4 ja likaa ja on helppo pit\u00e4\u00e4 puhtaana pyyhkim\u00e4ll\u00e4. Uutuutena my\u00f6s l\u00e4mmin korkki.<br \/>\nIrroitettavan sis\u00e4pussin (M ja L) materiaalina on joustava, niinik\u00e4\u00e4n vett\u00e4 ja likaa hylkiv\u00e4 neopreeni.<br \/>\nKierresidotussa vihossa on 80 sivua, t\u00e4ytt\u00f6vihkoja myyd\u00e4\u00e4n my\u00f6s erikseen.<br \/>\nKoteloa on saatavissa useissa eri v\u00e4reiss\u00e4.<br \/>\nTablettikotelo on suunniteltu ja valmistettu k\u00e4sity\u00f6n\u00e4 Suomessa.<\/p>\n","protected":false},"excerpt":{"rendered":"<p>Tyylik\u00e4s uusionahkainen tablettikotelo, mik\u00e4 k\u00e4tkee sis\u00e4lleen irroitettavan sis\u00e4pussin taskuineen (M ja L), 40-lehtisen kierret\u00e4ytt\u00f6vihon, kyn\u00e4n, ja erillisen paikan k\u00e4yntikorteille.<\/p>\n","protected":false},"featured_media":40970,"template":"","meta":{"_et_pb_use_builder":"","_et_pb_old_content":"","_et_gb_content_width":"","_exactmetrics_skip_tracking":false,"_exactmetrics_sitenote_active":false,"_exactmetrics_sitenote_note":"","_exactmetrics_sitenote_category":0},"product_brand":[],"product_cat":[130],"product_tag":[],"class_list":{"0":"post-38437","1":"product","2":"type-product","3":"status-publish","4":"has-post-thumbnail","6":"product_cat-tietokonesalkut","8":"first","9":"instock","10":"taxable","11":"shipping-taxable","12":"purchasable","13":"product-type-variable"},"_links":{"self":[{"href":"https:\/\/www.privatecase.fi\/ja\/wp-json\/wp\/v2\/product\/38437","targetHints":{"allow":["GET"]}}],"collection":[{"href":"https:\/\/www.privatecase.fi\/ja\/wp-json\/wp\/v2\/product"}],"about":[{"href":"https:\/\/www.privatecase.fi\/ja\/wp-json\/wp\/v2\/types\/product"}],"wp:featuredmedia":[{"embeddable":true,"href":"https:\/\/www.privatecase.fi\/ja\/wp-json\/wp\/v2\/media\/40970"}],"wp:attachment":[{"href":"https:\/\/www.privatecase.fi\/ja\/wp-json\/wp\/v2\/media?parent=38437"}],"wp:term":[{"taxonomy":"product_brand","embeddable":true,"href":"https:\/\/www.privatecase.fi\/ja\/wp-json\/wp\/v2\/product_brand?post=38437"},{"taxonomy":"product_cat","embeddable":true,"href":"https:\/\/www.privatecase.fi\/ja\/wp-json\/wp\/v2\/product_cat?post=38437"},{"taxonomy":"product_tag","embeddable":true,"href":"https:\/\/www.privatecase.fi\/ja\/wp-json\/wp\/v2\/product_tag?post=38437"}],"curies":[{"name":"wp","href":"https:\/\/api.w.org\/{rel}","templated":true}]}}