{"id":38474,"date":"2021-09-29T09:36:38","date_gmt":"2021-09-29T06:36:38","guid":{"rendered":"https:\/\/www.privatecase.fi\/?post_type=product&#038;p=38474"},"modified":"2024-09-01T17:55:26","modified_gmt":"2024-09-01T14:55:26","slug":"wooly-mini-tablettikotelo","status":"publish","type":"product","link":"https:\/\/www.privatecase.fi\/ja\/tuote\/wooly-mini-tablettikotelo\/","title":{"rendered":"Wooly-Mini tablettikotelo"},"content":{"rendered":"<p>Koko 260 x 200 x 30 mm. Sopii 10,2&#8243; &#8211; 11&#8243; tabletille.<br \/>\nTablettikotelon etupuolen materiaalina on uusionahka, mik\u00e4 hylkii vett\u00e4 ja likaa ja on helppo pit\u00e4\u00e4 puhtaana pyyhkim\u00e4ll\u00e4. Etupuolen nauhassa on Private Case preeglaus.<br \/>\nKotelon takapuoli on 3 mm vahvaa huopaa, mik\u00e4 on valmistettu 100% luonnon villasta.<br \/>\nLuonnon huopa joustaa ja antaa pehmeytt\u00e4 kotelolle ja uusionahka luo siihen tarvittavaa ryhti\u00e4.<br \/>\nHuovan v\u00e4ri on tumma harmaa, uusionahan v\u00e4rivaihtoehtoja on useita.<br \/>\nTietokonekotelo on suunniteltu ja valmistettu k\u00e4sity\u00f6n\u00e4 Suomessa.<\/p>\n","protected":false},"excerpt":{"rendered":"<p>Tietokonekotelo Woolyn pienempi painos Wooly-mini soveltuu tableteille. Materiaaleina ekologinen uusionahka ja huopa. Valitse oma suosikkiv\u00e4risi.<\/p>\n","protected":false},"featured_media":41007,"template":"","meta":{"_et_pb_use_builder":"","_et_pb_old_content":"","_et_gb_content_width":"","_exactmetrics_skip_tracking":false,"_exactmetrics_sitenote_active":false,"_exactmetrics_sitenote_note":"","_exactmetrics_sitenote_category":0},"product_brand":[],"product_cat":[130],"product_tag":[],"class_list":{"0":"post-38474","1":"product","2":"type-product","3":"status-publish","4":"has-post-thumbnail","6":"product_cat-tietokonesalkut","8":"first","9":"instock","10":"taxable","11":"shipping-taxable","12":"purchasable","13":"product-type-variable"},"_links":{"self":[{"href":"https:\/\/www.privatecase.fi\/ja\/wp-json\/wp\/v2\/product\/38474","targetHints":{"allow":["GET"]}}],"collection":[{"href":"https:\/\/www.privatecase.fi\/ja\/wp-json\/wp\/v2\/product"}],"about":[{"href":"https:\/\/www.privatecase.fi\/ja\/wp-json\/wp\/v2\/types\/product"}],"wp:featuredmedia":[{"embeddable":true,"href":"https:\/\/www.privatecase.fi\/ja\/wp-json\/wp\/v2\/media\/41007"}],"wp:attachment":[{"href":"https:\/\/www.privatecase.fi\/ja\/wp-json\/wp\/v2\/media?parent=38474"}],"wp:term":[{"taxonomy":"product_brand","embeddable":true,"href":"https:\/\/www.privatecase.fi\/ja\/wp-json\/wp\/v2\/product_brand?post=38474"},{"taxonomy":"product_cat","embeddable":true,"href":"https:\/\/www.privatecase.fi\/ja\/wp-json\/wp\/v2\/product_cat?post=38474"},{"taxonomy":"product_tag","embeddable":true,"href":"https:\/\/www.privatecase.fi\/ja\/wp-json\/wp\/v2\/product_tag?post=38474"}],"curies":[{"name":"wp","href":"https:\/\/api.w.org\/{rel}","templated":true}]}}