{"id":38487,"date":"2021-09-29T09:36:38","date_gmt":"2021-09-29T06:36:38","guid":{"rendered":"https:\/\/www.privatecase.fi\/?post_type=product&#038;p=38487"},"modified":"2025-01-03T08:26:39","modified_gmt":"2025-01-03T06:26:39","slug":"kirjoitusalusta","status":"publish","type":"product","link":"https:\/\/www.privatecase.fi\/ja\/tuote\/kirjoitusalusta\/","title":{"rendered":"Kirjoitusalusta"},"content":{"rendered":"<p>Koko 480 x 700 mm<br \/>\nKirjoitusalustan materiaalina on ekologinen uusionahka, mik\u00e4 on helppo pit\u00e4\u00e4 puhtaana ja omaa erinomaisen v\u00e4rinkeston. Materiaali kest\u00e4\u00e4 my\u00f6s hyvin kosteutta.<br \/>\nVakiona alustan toinen puoli on musta ja toisen puolen v\u00e4ri on valittavissa. Kummallakin puolella on yl\u00e4kulmassa Private Case preeglaus.<br \/>\nVoit my\u00f6s tiedustella muita v\u00e4rikombinaatioita, mutta n\u00e4iden osalta on syyt\u00e4 varautua v\u00e4hint\u00e4\u00e4n muutaman viikon toimitusaikaan.<br \/>\nAvainlippu ja Design from Finland tuote, valmistettu ja suunniteltu k\u00e4sity\u00f6n\u00e4 Suomessa.<\/p>\n","protected":false},"excerpt":{"rendered":"<p>2-puolinen kirjoitusalusta soveltuu sek\u00e4 koti- ett\u00e4 toimistok\u00e4ytt\u00f6\u00f6n. Vaihda alustan puolta sisustuksen, tilan tai vuodenajan mukaan.<\/p>\n","protected":false},"featured_media":41694,"template":"","meta":{"_et_pb_use_builder":"","_et_pb_old_content":"","_et_gb_content_width":"","_exactmetrics_skip_tracking":false,"_exactmetrics_sitenote_active":false,"_exactmetrics_sitenote_note":"","_exactmetrics_sitenote_category":0},"product_brand":[],"product_cat":[131],"product_tag":[],"class_list":{"0":"post-38487","1":"product","2":"type-product","3":"status-publish","4":"has-post-thumbnail","6":"product_cat-alustat","8":"first","9":"instock","10":"taxable","11":"shipping-taxable","12":"purchasable","13":"product-type-variable"},"_links":{"self":[{"href":"https:\/\/www.privatecase.fi\/ja\/wp-json\/wp\/v2\/product\/38487","targetHints":{"allow":["GET"]}}],"collection":[{"href":"https:\/\/www.privatecase.fi\/ja\/wp-json\/wp\/v2\/product"}],"about":[{"href":"https:\/\/www.privatecase.fi\/ja\/wp-json\/wp\/v2\/types\/product"}],"wp:featuredmedia":[{"embeddable":true,"href":"https:\/\/www.privatecase.fi\/ja\/wp-json\/wp\/v2\/media\/41694"}],"wp:attachment":[{"href":"https:\/\/www.privatecase.fi\/ja\/wp-json\/wp\/v2\/media?parent=38487"}],"wp:term":[{"taxonomy":"product_brand","embeddable":true,"href":"https:\/\/www.privatecase.fi\/ja\/wp-json\/wp\/v2\/product_brand?post=38487"},{"taxonomy":"product_cat","embeddable":true,"href":"https:\/\/www.privatecase.fi\/ja\/wp-json\/wp\/v2\/product_cat?post=38487"},{"taxonomy":"product_tag","embeddable":true,"href":"https:\/\/www.privatecase.fi\/ja\/wp-json\/wp\/v2\/product_tag?post=38487"}],"curies":[{"name":"wp","href":"https:\/\/api.w.org\/{rel}","templated":true}]}}