{"id":38524,"date":"2021-09-29T09:36:38","date_gmt":"2021-09-29T06:36:38","guid":{"rendered":"https:\/\/www.privatecase.fi\/?post_type=product&#038;p=38524"},"modified":"2024-09-01T18:18:45","modified_gmt":"2024-09-01T15:18:45","slug":"kenkalusikat-2","status":"publish","type":"product","link":"https:\/\/www.privatecase.fi\/ja\/tuote\/kenkalusikat-2\/","title":{"rendered":"Kenk\u00e4lusikat"},"content":{"rendered":"<p>Kenk\u00e4lusikan pituus: 145 mm<br \/>\nUusionahka hylkii hyvin likaa ja kosteutta ja omaa erinomaisen v\u00e4rinkeston.<br \/>\nValittavanasi on useita eri v\u00e4rivaihtoehtoja.<br \/>\nKenk\u00e4lusikat on suunniteltu ja valmistettu k\u00e4sity\u00f6n\u00e4 Suomessa.<\/p>\n","protected":false},"excerpt":{"rendered":"<p>Setti sis\u00e4lt\u00e4\u00e4 kenk\u00e4lusikan oikealle ja vasemmalle jalalle. Uusionahka on taipuisa ja pinnaltaan liukas materiaali, mink\u00e4 ansiosta kenk\u00e4lusikka on helppo ja miellytt\u00e4v\u00e4 k\u00e4ytt\u00e4\u00e4. Pienen kokonsa vuoksi kenk\u00e4lusikat kulkevat vaivattomasti mukana miss\u00e4 tahansa.<\/p>\n","protected":false},"featured_media":0,"template":"","meta":{"_et_pb_use_builder":"","_et_pb_old_content":"","_et_gb_content_width":"","_exactmetrics_skip_tracking":false,"_exactmetrics_sitenote_active":false,"_exactmetrics_sitenote_note":"","_exactmetrics_sitenote_category":0},"product_brand":[],"product_cat":[131],"product_tag":[],"class_list":{"0":"post-38524","1":"product","2":"type-product","3":"status-publish","5":"product_cat-alustat","7":"first","8":"instock","9":"taxable","10":"shipping-taxable","11":"purchasable","12":"product-type-variable"},"_links":{"self":[{"href":"https:\/\/www.privatecase.fi\/ja\/wp-json\/wp\/v2\/product\/38524","targetHints":{"allow":["GET"]}}],"collection":[{"href":"https:\/\/www.privatecase.fi\/ja\/wp-json\/wp\/v2\/product"}],"about":[{"href":"https:\/\/www.privatecase.fi\/ja\/wp-json\/wp\/v2\/types\/product"}],"wp:attachment":[{"href":"https:\/\/www.privatecase.fi\/ja\/wp-json\/wp\/v2\/media?parent=38524"}],"wp:term":[{"taxonomy":"product_brand","embeddable":true,"href":"https:\/\/www.privatecase.fi\/ja\/wp-json\/wp\/v2\/product_brand?post=38524"},{"taxonomy":"product_cat","embeddable":true,"href":"https:\/\/www.privatecase.fi\/ja\/wp-json\/wp\/v2\/product_cat?post=38524"},{"taxonomy":"product_tag","embeddable":true,"href":"https:\/\/www.privatecase.fi\/ja\/wp-json\/wp\/v2\/product_tag?post=38524"}],"curies":[{"name":"wp","href":"https:\/\/api.w.org\/{rel}","templated":true}]}}