{"id":42116,"date":"2021-10-22T11:48:59","date_gmt":"2021-10-22T08:48:59","guid":{"rendered":"https:\/\/www.privatecase.fi\/?post_type=product&#038;p=42116"},"modified":"2024-10-09T15:18:18","modified_gmt":"2024-10-09T12:18:18","slug":"tayttokalenteri","status":"publish","type":"product","link":"https:\/\/www.privatecase.fi\/ja\/tuote\/tayttokalenteri\/","title":{"rendered":"T\u00e4ytt\u00f6kalenteri"},"content":{"rendered":"<p>Koko 148 x 210 mm (A5)<br \/>\n2025 yleiskalendaario FI\/SE\/EN<br \/>\nVuosisuunnitelmat 2025 ja 2026<br \/>\nSelke\u00e4 Private Case -projektihaitarikalenteri 6 kk:n n\u00e4kym\u00e4ll\u00e4 \/ puoli<br \/>\nKansainv\u00e4liset vapaap\u00e4iv\u00e4t<br \/>\nSuomalaiset ja suomenruotsalaiset nimip\u00e4iv\u00e4t<br \/>\nAuringon nousu- ja laskuajat (Helsinki, Oulu)<br \/>\nKansainv\u00e4linen aika<br \/>\nRunsaasti muistiinpanotilaa<br \/>\nYmp\u00e4rist\u00f6yst\u00e4v\u00e4llinen Avainlipputuote<\/p>\n<p>Ymp\u00e4rist\u00f6yst\u00e4v\u00e4llinen Avainlipputuote<\/p>\n","protected":false},"excerpt":{"rendered":"<p>T\u00e4ytt\u00f6kalenteri tuotteeseen <a href=\"https:\/\/www.privatecase.fi\/tuote\/a5-kalenteri-ja-vihko-kotelossa\/\">A5 kalenteri ja vihko kotelossa<\/a>.<\/p>\n","protected":false},"featured_media":42620,"template":"","meta":{"_et_pb_use_builder":"","_et_pb_old_content":"","_et_gb_content_width":"","_exactmetrics_skip_tracking":false,"_exactmetrics_sitenote_active":false,"_exactmetrics_sitenote_note":"","_exactmetrics_sitenote_category":0},"product_brand":[],"product_cat":[137],"product_tag":[],"class_list":{"0":"post-42116","1":"product","2":"type-product","3":"status-publish","4":"has-post-thumbnail","6":"product_cat-vihkot-ja-kalenterit","8":"first","9":"instock","10":"taxable","11":"shipping-taxable","12":"purchasable","13":"product-type-simple"},"_links":{"self":[{"href":"https:\/\/www.privatecase.fi\/ja\/wp-json\/wp\/v2\/product\/42116","targetHints":{"allow":["GET"]}}],"collection":[{"href":"https:\/\/www.privatecase.fi\/ja\/wp-json\/wp\/v2\/product"}],"about":[{"href":"https:\/\/www.privatecase.fi\/ja\/wp-json\/wp\/v2\/types\/product"}],"wp:featuredmedia":[{"embeddable":true,"href":"https:\/\/www.privatecase.fi\/ja\/wp-json\/wp\/v2\/media\/42620"}],"wp:attachment":[{"href":"https:\/\/www.privatecase.fi\/ja\/wp-json\/wp\/v2\/media?parent=42116"}],"wp:term":[{"taxonomy":"product_brand","embeddable":true,"href":"https:\/\/www.privatecase.fi\/ja\/wp-json\/wp\/v2\/product_brand?post=42116"},{"taxonomy":"product_cat","embeddable":true,"href":"https:\/\/www.privatecase.fi\/ja\/wp-json\/wp\/v2\/product_cat?post=42116"},{"taxonomy":"product_tag","embeddable":true,"href":"https:\/\/www.privatecase.fi\/ja\/wp-json\/wp\/v2\/product_tag?post=42116"}],"curies":[{"name":"wp","href":"https:\/\/api.w.org\/{rel}","templated":true}]}}