{"id":42864,"date":"2023-03-03T09:31:06","date_gmt":"2023-03-03T07:31:06","guid":{"rendered":"https:\/\/www.privatecase.fi\/?post_type=product&#038;p=42864"},"modified":"2024-09-01T17:18:24","modified_gmt":"2024-09-01T14:18:24","slug":"a5-vihko-kotelossa","status":"publish","type":"product","link":"https:\/\/www.privatecase.fi\/ja\/tuote\/a5-vihko-kotelossa\/","title":{"rendered":"A5 vihko kotelossa"},"content":{"rendered":"<p>Kotelon koko 175 x 240 x 20 mm<\/p>\n<p>Vihko wire-sidottu koko 148 x 210 mm, A5 tai Unlimited Notes -vihko<\/p>\n<p>Paperi valkoinen FSC\u00ae sertifioitu, 90 gr<\/p>\n<p>Kotelon materiaalina joko ekologinen uusionahka tai luonnon korkki, takakannessa Private Case preeglaus<br \/>\nYmp\u00e4rist\u00f6yst\u00e4v\u00e4llinen Avainlipputuote<\/p>\n","protected":false},"excerpt":{"rendered":"<p>Vetoketjullinen vihkokotelo sis\u00e4lt\u00e4\u00e4 A5-kokoisen vihkon. Vihko soveltuu monivuotiseen k\u00e4ytt\u00f6\u00f6n, sill\u00e4 kotelo kest\u00e4\u00e4 k\u00e4yt\u00f6ss\u00e4 pitk\u00e4\u00e4n ja vihkon voi vaihtaa uuteen edellisen t\u00e4ytytty\u00e4. Vihkoksi on valittavissa perinteinen kierresidottu A5-vihko tai uusiopahvinen Unlimited Notes -vihko. Unlimited Notes -vihko ja kierret\u00e4ytt\u00f6vihko saatavilla my\u00f6s erikseen.<\/p>\n","protected":false},"featured_media":40979,"template":"","meta":{"_et_pb_use_builder":"","_et_pb_old_content":"","_et_gb_content_width":"","_exactmetrics_skip_tracking":false,"_exactmetrics_sitenote_active":false,"_exactmetrics_sitenote_note":"","_exactmetrics_sitenote_category":0},"product_brand":[],"product_cat":[137],"product_tag":[],"class_list":{"0":"post-42864","1":"product","2":"type-product","3":"status-publish","4":"has-post-thumbnail","6":"product_cat-vihkot-ja-kalenterit","8":"first","9":"instock","10":"taxable","11":"shipping-taxable","12":"purchasable","13":"product-type-variable"},"_links":{"self":[{"href":"https:\/\/www.privatecase.fi\/ja\/wp-json\/wp\/v2\/product\/42864","targetHints":{"allow":["GET"]}}],"collection":[{"href":"https:\/\/www.privatecase.fi\/ja\/wp-json\/wp\/v2\/product"}],"about":[{"href":"https:\/\/www.privatecase.fi\/ja\/wp-json\/wp\/v2\/types\/product"}],"wp:featuredmedia":[{"embeddable":true,"href":"https:\/\/www.privatecase.fi\/ja\/wp-json\/wp\/v2\/media\/40979"}],"wp:attachment":[{"href":"https:\/\/www.privatecase.fi\/ja\/wp-json\/wp\/v2\/media?parent=42864"}],"wp:term":[{"taxonomy":"product_brand","embeddable":true,"href":"https:\/\/www.privatecase.fi\/ja\/wp-json\/wp\/v2\/product_brand?post=42864"},{"taxonomy":"product_cat","embeddable":true,"href":"https:\/\/www.privatecase.fi\/ja\/wp-json\/wp\/v2\/product_cat?post=42864"},{"taxonomy":"product_tag","embeddable":true,"href":"https:\/\/www.privatecase.fi\/ja\/wp-json\/wp\/v2\/product_tag?post=42864"}],"curies":[{"name":"wp","href":"https:\/\/api.w.org\/{rel}","templated":true}]}}