{"id":42929,"date":"2023-04-24T15:15:54","date_gmt":"2023-04-24T12:15:54","guid":{"rendered":"https:\/\/www.privatecase.fi\/?post_type=product&#038;p=42929"},"modified":"2024-09-01T17:52:36","modified_gmt":"2024-09-01T14:52:36","slug":"kontti","status":"publish","type":"product","link":"https:\/\/www.privatecase.fi\/ja\/tuote\/kontti\/","title":{"rendered":"Tietokonereppu Kontti"},"content":{"rendered":"<p style=\"font-weight: 400;\">Koko 300 mm x 400 mm x 150 mm<\/p>\n<p style=\"font-weight: 400;\">Kontti-repun materiaalina on ekologinen uusionahka tai l\u00e4mmin luonnon korkki yhdistettyn\u00e4 uusionahkaan.<\/p>\n<p style=\"font-weight: 400;\">Repussa oma tasku kannettavalle tietokoneelle, tabletille\/muistikirjalle ja puhelimelle. Puhelintasku on vetoketjullinen ja siihen mahtuu puhelimen mukana hyvin my\u00f6s passi tai mutta pikkutavaraa. Lis\u00e4ksi kotelossa on nauha juomapullolle, jonka avulla pullo pysyy helposti pystyss\u00e4. Reppu on helppo pakata ja se aukeaa tarvittaessa kokonaan, mutta pikkutavaroita ottaessa repun voi aukaista pelk\u00e4st\u00e4\u00e4n p\u00e4\u00e4lt\u00e4 kahden vetoketjun ansiosta. Repussa on tyylikk\u00e4\u00e4t korkki- tai uusionahkasomisteiset, s\u00e4\u00e4dett\u00e4v\u00e4t hihnat.<\/p>\n<p style=\"font-weight: 400;\">Kontti-reppu on suunniteltu ja valmistettu k\u00e4sity\u00f6n\u00e4 Suomessa.<\/p>\n","protected":false},"excerpt":{"rendered":"<p>Kontti on tyylik\u00e4s ja urbaani cityreppu, joka huomataan! Reppu on kevyt kantaa ja se on valmistettu ekologisesta uusionahkasta ja luonnonkorkista. Tilavassa Kontissa on paljon k\u00e4ytt\u00f6mukavuutta helpottavia yksityiskohtia kuten omat taskunsa kannettavalle tietokoneelle ja tabletille\/ muistikirjalle, puhelimelle ja juomapullolle.<\/p>\n","protected":false},"featured_media":42978,"template":"","meta":{"_et_pb_use_builder":"","_et_pb_old_content":"","_et_gb_content_width":"","_exactmetrics_skip_tracking":false,"_exactmetrics_sitenote_active":false,"_exactmetrics_sitenote_note":"","_exactmetrics_sitenote_category":0},"product_brand":[],"product_cat":[130],"product_tag":[],"class_list":{"0":"post-42929","1":"product","2":"type-product","3":"status-publish","4":"has-post-thumbnail","6":"product_cat-tietokonesalkut","8":"first","9":"instock","10":"taxable","11":"shipping-taxable","12":"purchasable","13":"product-type-variable"},"_links":{"self":[{"href":"https:\/\/www.privatecase.fi\/ja\/wp-json\/wp\/v2\/product\/42929","targetHints":{"allow":["GET"]}}],"collection":[{"href":"https:\/\/www.privatecase.fi\/ja\/wp-json\/wp\/v2\/product"}],"about":[{"href":"https:\/\/www.privatecase.fi\/ja\/wp-json\/wp\/v2\/types\/product"}],"wp:featuredmedia":[{"embeddable":true,"href":"https:\/\/www.privatecase.fi\/ja\/wp-json\/wp\/v2\/media\/42978"}],"wp:attachment":[{"href":"https:\/\/www.privatecase.fi\/ja\/wp-json\/wp\/v2\/media?parent=42929"}],"wp:term":[{"taxonomy":"product_brand","embeddable":true,"href":"https:\/\/www.privatecase.fi\/ja\/wp-json\/wp\/v2\/product_brand?post=42929"},{"taxonomy":"product_cat","embeddable":true,"href":"https:\/\/www.privatecase.fi\/ja\/wp-json\/wp\/v2\/product_cat?post=42929"},{"taxonomy":"product_tag","embeddable":true,"href":"https:\/\/www.privatecase.fi\/ja\/wp-json\/wp\/v2\/product_tag?post=42929"}],"curies":[{"name":"wp","href":"https:\/\/api.w.org\/{rel}","templated":true}]}}