{"id":43122,"date":"2023-09-13T13:43:07","date_gmt":"2023-09-13T10:43:07","guid":{"rendered":"https:\/\/www.privatecase.fi\/?post_type=product&#038;p=43122"},"modified":"2025-11-27T13:13:19","modified_gmt":"2025-11-27T11:13:19","slug":"a5-kalenteri-vihko-osalla","status":"publish","type":"product","link":"https:\/\/www.privatecase.fi\/ja\/tuote\/a5-kalenteri-vihko-osalla\/","title":{"rendered":"A5 kalenteri vihko-osalla"},"content":{"rendered":"<p>Hyvin aukeava kierresidottu kalenteri joko uusionahka- tai luonnon korkkikansilla valintasi mukaan, takakannessa Private Case -preeglaus.<br \/>\nKalendaarioksi valittavissa joko Ajaston Wega tai Private Case -vuosikalenteri.<\/p>\n<p>Koko 148 x 210 mm (A5)<br \/>\n2026 yleiskalendaario FI\/SE\/EN<br \/>\nVuosisuunnitelmat 2026 ja 2027<br \/>\nSelke\u00e4 Private Case -projektihaitarikalenteri 6 kk:n n\u00e4kym\u00e4ll\u00e4 \/ puoli<br \/>\nKansainv\u00e4liset vapaap\u00e4iv\u00e4t<br \/>\nSuomalaiset ja suomenruotsalaiset nimip\u00e4iv\u00e4t<br \/>\nAuringon nousu- ja laskuajat (Helsinki, Oulu)<br \/>\nKansainv\u00e4linen aika<br \/>\nRunsaasti muistiinpanotilaa<br \/>\nYmp\u00e4rist\u00f6yst\u00e4v\u00e4llinen Avainlipputuote<\/p>\n","protected":false},"excerpt":{"rendered":"<p>K\u00e4sin sidottu klassikkokalenteri, jossa erillinen vihko-osa. Laadukas kalenteri ajanhallintaan sek\u00e4 reilusti tilaa muistiinpanoille, ideoille ja luonnoksille.<br \/>\nIso vuosilukustanssaus pit\u00e4\u00e4 vuodet j\u00e4rjestyksess\u00e4!<\/p>\n","protected":false},"featured_media":43809,"template":"","meta":{"_et_pb_use_builder":"","_et_pb_old_content":"","_et_gb_content_width":"","_exactmetrics_skip_tracking":false,"_exactmetrics_sitenote_active":false,"_exactmetrics_sitenote_note":"","_exactmetrics_sitenote_category":0},"product_brand":[],"product_cat":[137],"product_tag":[],"class_list":{"0":"post-43122","1":"product","2":"type-product","3":"status-publish","4":"has-post-thumbnail","6":"product_cat-vihkot-ja-kalenterit","8":"first","9":"instock","10":"taxable","11":"shipping-taxable","12":"purchasable","13":"product-type-variable"},"_links":{"self":[{"href":"https:\/\/www.privatecase.fi\/ja\/wp-json\/wp\/v2\/product\/43122","targetHints":{"allow":["GET"]}}],"collection":[{"href":"https:\/\/www.privatecase.fi\/ja\/wp-json\/wp\/v2\/product"}],"about":[{"href":"https:\/\/www.privatecase.fi\/ja\/wp-json\/wp\/v2\/types\/product"}],"wp:featuredmedia":[{"embeddable":true,"href":"https:\/\/www.privatecase.fi\/ja\/wp-json\/wp\/v2\/media\/43809"}],"wp:attachment":[{"href":"https:\/\/www.privatecase.fi\/ja\/wp-json\/wp\/v2\/media?parent=43122"}],"wp:term":[{"taxonomy":"product_brand","embeddable":true,"href":"https:\/\/www.privatecase.fi\/ja\/wp-json\/wp\/v2\/product_brand?post=43122"},{"taxonomy":"product_cat","embeddable":true,"href":"https:\/\/www.privatecase.fi\/ja\/wp-json\/wp\/v2\/product_cat?post=43122"},{"taxonomy":"product_tag","embeddable":true,"href":"https:\/\/www.privatecase.fi\/ja\/wp-json\/wp\/v2\/product_tag?post=43122"}],"curies":[{"name":"wp","href":"https:\/\/api.w.org\/{rel}","templated":true}]}}